{"id":4667,"date":"2022-10-17T15:55:10","date_gmt":"2022-10-17T13:55:10","guid":{"rendered":"https:\/\/devea-environnement.com\/nos-actualites\/"},"modified":"2026-01-21T14:39:58","modified_gmt":"2026-01-21T13:39:58","slug":"unsere-dsva-news","status":"publish","type":"page","link":"https:\/\/devea-environnement.com\/de\/unsere-dsva-news\/","title":{"rendered":"Unsere VOD-News"},"content":{"rendered":"","protected":false},"excerpt":{"rendered":"","protected":false},"author":1,"featured_media":0,"parent":0,"menu_order":27,"comment_status":"closed","ping_status":"closed","template":"","meta":{"_acf_changed":false,"footnotes":""},"class_list":["post-4667","page","type-page","status-publish","hentry"],"acf":[],"yoast_head":"<!-- This site is optimized with the Yoast SEO plugin v27.5 - https:\/\/yoast.com\/product\/yoast-seo-wordpress\/ -->\n<title>Informations DSVA, bio d\u00e9contamination par voie a\u00e9rienne | Devea<\/title>\n<meta name=\"description\" content=\"Retrouvez des informations sur la d\u00e9sinfection des surfaces par voie a\u00e9rienne DSVA via nos articles. Devea l&#039;expert DSVA.\" \/>\n<meta name=\"robots\" content=\"index, follow, max-snippet:-1, max-image-preview:large, max-video-preview:-1\" \/>\n<link rel=\"canonical\" href=\"https:\/\/devea-environnement.com\/de\/unsere-dsva-news\/\" \/>\n<meta property=\"og:locale\" content=\"de_DE\" \/>\n<meta property=\"og:type\" content=\"article\" \/>\n<meta property=\"og:title\" content=\"Informations DSVA, bio d\u00e9contamination par voie a\u00e9rienne | Devea\" \/>\n<meta property=\"og:description\" content=\"Retrouvez des informations sur la d\u00e9sinfection des surfaces par voie a\u00e9rienne DSVA via nos articles. Devea l&#039;expert DSVA.\" \/>\n<meta property=\"og:url\" content=\"https:\/\/devea-environnement.com\/de\/unsere-dsva-news\/\" \/>\n<meta property=\"og:site_name\" content=\"Devea\" \/>\n<meta property=\"article:modified_time\" content=\"2026-01-21T13:39:58+00:00\" \/>\n<meta name=\"twitter:card\" content=\"summary_large_image\" \/>\n<script type=\"application\/ld+json\" class=\"yoast-schema-graph\">{\"@context\":\"https:\\\/\\\/schema.org\",\"@graph\":[{\"@type\":\"WebPage\",\"@id\":\"https:\\\/\\\/devea-environnement.com\\\/de\\\/unsere-dsva-news\\\/\",\"url\":\"https:\\\/\\\/devea-environnement.com\\\/de\\\/unsere-dsva-news\\\/\",\"name\":\"Informations DSVA, bio d\u00e9contamination par voie a\u00e9rienne | Devea\",\"isPartOf\":{\"@id\":\"https:\\\/\\\/devea-environnement.com\\\/#website\"},\"datePublished\":\"2022-10-17T13:55:10+00:00\",\"dateModified\":\"2026-01-21T13:39:58+00:00\",\"description\":\"Retrouvez des informations sur la d\u00e9sinfection des surfaces par voie a\u00e9rienne DSVA via nos articles. Devea l'expert DSVA.\",\"breadcrumb\":{\"@id\":\"https:\\\/\\\/devea-environnement.com\\\/de\\\/unsere-dsva-news\\\/#breadcrumb\"},\"inLanguage\":\"de\",\"potentialAction\":[{\"@type\":\"ReadAction\",\"target\":[\"https:\\\/\\\/devea-environnement.com\\\/de\\\/unsere-dsva-news\\\/\"]}]},{\"@type\":\"BreadcrumbList\",\"@id\":\"https:\\\/\\\/devea-environnement.com\\\/de\\\/unsere-dsva-news\\\/#breadcrumb\",\"itemListElement\":[{\"@type\":\"ListItem\",\"position\":1,\"name\":\"Startseite\",\"item\":\"https:\\\/\\\/devea-environnement.com\\\/de\\\/\"},{\"@type\":\"ListItem\",\"position\":2,\"name\":\"Unsere VOD-News\"}]},{\"@type\":\"WebSite\",\"@id\":\"https:\\\/\\\/devea-environnement.com\\\/#website\",\"url\":\"https:\\\/\\\/devea-environnement.com\\\/\",\"name\":\"Devea\",\"description\":\"Votre expert scientifique fran\u00e7ais\",\"potentialAction\":[{\"@type\":\"SearchAction\",\"target\":{\"@type\":\"EntryPoint\",\"urlTemplate\":\"https:\\\/\\\/devea-environnement.com\\\/?s={search_term_string}\"},\"query-input\":{\"@type\":\"PropertyValueSpecification\",\"valueRequired\":true,\"valueName\":\"search_term_string\"}}],\"inLanguage\":\"de\"}]}<\/script>\n<!-- \/ Yoast SEO plugin. -->","yoast_head_json":{"title":"Informations DSVA, bio d\u00e9contamination par voie a\u00e9rienne | Devea","description":"Retrouvez des informations sur la d\u00e9sinfection des surfaces par voie a\u00e9rienne DSVA via nos articles. Devea l'expert DSVA.","robots":{"index":"index","follow":"follow","max-snippet":"max-snippet:-1","max-image-preview":"max-image-preview:large","max-video-preview":"max-video-preview:-1"},"canonical":"https:\/\/devea-environnement.com\/de\/unsere-dsva-news\/","og_locale":"de_DE","og_type":"article","og_title":"Informations DSVA, bio d\u00e9contamination par voie a\u00e9rienne | Devea","og_description":"Retrouvez des informations sur la d\u00e9sinfection des surfaces par voie a\u00e9rienne DSVA via nos articles. Devea l'expert DSVA.","og_url":"https:\/\/devea-environnement.com\/de\/unsere-dsva-news\/","og_site_name":"Devea","article_modified_time":"2026-01-21T13:39:58+00:00","twitter_card":"summary_large_image","schema":{"@context":"https:\/\/schema.org","@graph":[{"@type":"WebPage","@id":"https:\/\/devea-environnement.com\/de\/unsere-dsva-news\/","url":"https:\/\/devea-environnement.com\/de\/unsere-dsva-news\/","name":"Informations DSVA, bio d\u00e9contamination par voie a\u00e9rienne | Devea","isPartOf":{"@id":"https:\/\/devea-environnement.com\/#website"},"datePublished":"2022-10-17T13:55:10+00:00","dateModified":"2026-01-21T13:39:58+00:00","description":"Retrouvez des informations sur la d\u00e9sinfection des surfaces par voie a\u00e9rienne DSVA via nos articles. Devea l'expert DSVA.","breadcrumb":{"@id":"https:\/\/devea-environnement.com\/de\/unsere-dsva-news\/#breadcrumb"},"inLanguage":"de","potentialAction":[{"@type":"ReadAction","target":["https:\/\/devea-environnement.com\/de\/unsere-dsva-news\/"]}]},{"@type":"BreadcrumbList","@id":"https:\/\/devea-environnement.com\/de\/unsere-dsva-news\/#breadcrumb","itemListElement":[{"@type":"ListItem","position":1,"name":"Startseite","item":"https:\/\/devea-environnement.com\/de\/"},{"@type":"ListItem","position":2,"name":"Unsere VOD-News"}]},{"@type":"WebSite","@id":"https:\/\/devea-environnement.com\/#website","url":"https:\/\/devea-environnement.com\/","name":"Devea","description":"Votre expert scientifique fran\u00e7ais","potentialAction":[{"@type":"SearchAction","target":{"@type":"EntryPoint","urlTemplate":"https:\/\/devea-environnement.com\/?s={search_term_string}"},"query-input":{"@type":"PropertyValueSpecification","valueRequired":true,"valueName":"search_term_string"}}],"inLanguage":"de"}]}},"_links":{"self":[{"href":"https:\/\/devea-environnement.com\/de\/wp-json\/wp\/v2\/pages\/4667","targetHints":{"allow":["GET"]}}],"collection":[{"href":"https:\/\/devea-environnement.com\/de\/wp-json\/wp\/v2\/pages"}],"about":[{"href":"https:\/\/devea-environnement.com\/de\/wp-json\/wp\/v2\/types\/page"}],"author":[{"embeddable":true,"href":"https:\/\/devea-environnement.com\/de\/wp-json\/wp\/v2\/users\/1"}],"replies":[{"embeddable":true,"href":"https:\/\/devea-environnement.com\/de\/wp-json\/wp\/v2\/comments?post=4667"}],"version-history":[{"count":0,"href":"https:\/\/devea-environnement.com\/de\/wp-json\/wp\/v2\/pages\/4667\/revisions"}],"wp:attachment":[{"href":"https:\/\/devea-environnement.com\/de\/wp-json\/wp\/v2\/media?parent=4667"}],"curies":[{"name":"wp","href":"https:\/\/api.w.org\/{rel}","templated":true}]}}