{"id":4669,"date":"2023-02-24T11:18:43","date_gmt":"2023-02-24T10:18:43","guid":{"rendered":"https:\/\/devea-environnement.com\/nos-actualites\/presse\/"},"modified":"2026-02-11T15:25:27","modified_gmt":"2026-02-11T14:25:27","slug":"devea-experte-fuer-vod-in-der-presse","status":"publish","type":"page","link":"https:\/\/devea-environnement.com\/de\/unsere-dsva-news\/devea-experte-fuer-vod-in-der-presse\/","title":{"rendered":"Devea, Experte f\u00fcr VOD, in der Presse"},"content":{"rendered":"","protected":false},"excerpt":{"rendered":"","protected":false},"author":1,"featured_media":0,"parent":4667,"menu_order":33,"comment_status":"closed","ping_status":"closed","template":"","meta":{"_acf_changed":false,"footnotes":""},"class_list":["post-4669","page","type-page","status-publish","hentry"],"acf":[],"yoast_head":"<!-- This site is optimized with the Yoast SEO plugin v27.5 - https:\/\/yoast.com\/product\/yoast-seo-wordpress\/ -->\n<title>Presse VOD, biologische Dekontamination mit Devea<\/title>\n<meta name=\"description\" content=\"Hier finden Sie unsere Ver\u00f6ffentlichungen in der Fachpresse zu unserer Technologie f\u00fcr unsere VOD-Ger\u00e4te und unserem Fachwissen in verschiedenen Branchen.\" \/>\n<meta name=\"robots\" content=\"index, follow, max-snippet:-1, max-image-preview:large, max-video-preview:-1\" \/>\n<link rel=\"canonical\" href=\"https:\/\/devea-environnement.com\/de\/unsere-dsva-news\/devea-experte-fuer-vod-in-der-presse\/\" \/>\n<meta property=\"og:locale\" content=\"de_DE\" \/>\n<meta property=\"og:type\" content=\"article\" \/>\n<meta property=\"og:title\" content=\"Presse VOD, biologische Dekontamination mit Devea\" \/>\n<meta property=\"og:description\" content=\"Hier finden Sie unsere Ver\u00f6ffentlichungen in der Fachpresse zu unserer Technologie f\u00fcr unsere VOD-Ger\u00e4te und unserem Fachwissen in verschiedenen Branchen.\" \/>\n<meta property=\"og:url\" content=\"https:\/\/devea-environnement.com\/de\/unsere-dsva-news\/devea-experte-fuer-vod-in-der-presse\/\" \/>\n<meta property=\"og:site_name\" content=\"Devea\" \/>\n<meta property=\"article:modified_time\" content=\"2026-02-11T14:25:27+00:00\" \/>\n<meta name=\"twitter:card\" content=\"summary_large_image\" \/>\n<meta name=\"twitter:label1\" content=\"Gesch\u00e4tzte Lesezeit\" \/>\n\t<meta name=\"twitter:data1\" content=\"1\u00a0Minute\" \/>\n<script type=\"application\/ld+json\" class=\"yoast-schema-graph\">{\"@context\":\"https:\\\/\\\/schema.org\",\"@graph\":[{\"@type\":\"WebPage\",\"@id\":\"https:\\\/\\\/devea-environnement.com\\\/de\\\/unsere-dsva-news\\\/devea-experte-fuer-vod-in-der-presse\\\/\",\"url\":\"https:\\\/\\\/devea-environnement.com\\\/de\\\/unsere-dsva-news\\\/devea-experte-fuer-vod-in-der-presse\\\/\",\"name\":\"Presse VOD, biologische Dekontamination mit Devea\",\"isPartOf\":{\"@id\":\"https:\\\/\\\/devea-environnement.com\\\/#website\"},\"datePublished\":\"2023-02-24T10:18:43+00:00\",\"dateModified\":\"2026-02-11T14:25:27+00:00\",\"description\":\"Hier finden Sie unsere Ver\u00f6ffentlichungen in der Fachpresse zu unserer Technologie f\u00fcr unsere VOD-Ger\u00e4te und unserem Fachwissen in verschiedenen Branchen.\",\"breadcrumb\":{\"@id\":\"https:\\\/\\\/devea-environnement.com\\\/de\\\/unsere-dsva-news\\\/devea-experte-fuer-vod-in-der-presse\\\/#breadcrumb\"},\"inLanguage\":\"de\",\"potentialAction\":[{\"@type\":\"ReadAction\",\"target\":[\"https:\\\/\\\/devea-environnement.com\\\/de\\\/unsere-dsva-news\\\/devea-experte-fuer-vod-in-der-presse\\\/\"]}]},{\"@type\":\"BreadcrumbList\",\"@id\":\"https:\\\/\\\/devea-environnement.com\\\/de\\\/unsere-dsva-news\\\/devea-experte-fuer-vod-in-der-presse\\\/#breadcrumb\",\"itemListElement\":[{\"@type\":\"ListItem\",\"position\":1,\"name\":\"Startseite\",\"item\":\"https:\\\/\\\/devea-environnement.com\\\/de\\\/\"},{\"@type\":\"ListItem\",\"position\":2,\"name\":\"Unsere VOD-News\",\"item\":\"https:\\\/\\\/devea-environnement.com\\\/de\\\/unsere-dsva-news\\\/\"},{\"@type\":\"ListItem\",\"position\":3,\"name\":\"Devea, Experte f\u00fcr VOD, in der Presse\"}]},{\"@type\":\"WebSite\",\"@id\":\"https:\\\/\\\/devea-environnement.com\\\/#website\",\"url\":\"https:\\\/\\\/devea-environnement.com\\\/\",\"name\":\"Devea\",\"description\":\"Votre expert scientifique fran\u00e7ais\",\"potentialAction\":[{\"@type\":\"SearchAction\",\"target\":{\"@type\":\"EntryPoint\",\"urlTemplate\":\"https:\\\/\\\/devea-environnement.com\\\/?s={search_term_string}\"},\"query-input\":{\"@type\":\"PropertyValueSpecification\",\"valueRequired\":true,\"valueName\":\"search_term_string\"}}],\"inLanguage\":\"de\"}]}<\/script>\n<!-- \/ Yoast SEO plugin. -->","yoast_head_json":{"title":"Presse VOD, biologische Dekontamination mit Devea","description":"Hier finden Sie unsere Ver\u00f6ffentlichungen in der Fachpresse zu unserer Technologie f\u00fcr unsere VOD-Ger\u00e4te und unserem Fachwissen in verschiedenen Branchen.","robots":{"index":"index","follow":"follow","max-snippet":"max-snippet:-1","max-image-preview":"max-image-preview:large","max-video-preview":"max-video-preview:-1"},"canonical":"https:\/\/devea-environnement.com\/de\/unsere-dsva-news\/devea-experte-fuer-vod-in-der-presse\/","og_locale":"de_DE","og_type":"article","og_title":"Presse VOD, biologische Dekontamination mit Devea","og_description":"Hier finden Sie unsere Ver\u00f6ffentlichungen in der Fachpresse zu unserer Technologie f\u00fcr unsere VOD-Ger\u00e4te und unserem Fachwissen in verschiedenen Branchen.","og_url":"https:\/\/devea-environnement.com\/de\/unsere-dsva-news\/devea-experte-fuer-vod-in-der-presse\/","og_site_name":"Devea","article_modified_time":"2026-02-11T14:25:27+00:00","twitter_card":"summary_large_image","twitter_misc":{"Gesch\u00e4tzte Lesezeit":"1\u00a0Minute"},"schema":{"@context":"https:\/\/schema.org","@graph":[{"@type":"WebPage","@id":"https:\/\/devea-environnement.com\/de\/unsere-dsva-news\/devea-experte-fuer-vod-in-der-presse\/","url":"https:\/\/devea-environnement.com\/de\/unsere-dsva-news\/devea-experte-fuer-vod-in-der-presse\/","name":"Presse VOD, biologische Dekontamination mit Devea","isPartOf":{"@id":"https:\/\/devea-environnement.com\/#website"},"datePublished":"2023-02-24T10:18:43+00:00","dateModified":"2026-02-11T14:25:27+00:00","description":"Hier finden Sie unsere Ver\u00f6ffentlichungen in der Fachpresse zu unserer Technologie f\u00fcr unsere VOD-Ger\u00e4te und unserem Fachwissen in verschiedenen Branchen.","breadcrumb":{"@id":"https:\/\/devea-environnement.com\/de\/unsere-dsva-news\/devea-experte-fuer-vod-in-der-presse\/#breadcrumb"},"inLanguage":"de","potentialAction":[{"@type":"ReadAction","target":["https:\/\/devea-environnement.com\/de\/unsere-dsva-news\/devea-experte-fuer-vod-in-der-presse\/"]}]},{"@type":"BreadcrumbList","@id":"https:\/\/devea-environnement.com\/de\/unsere-dsva-news\/devea-experte-fuer-vod-in-der-presse\/#breadcrumb","itemListElement":[{"@type":"ListItem","position":1,"name":"Startseite","item":"https:\/\/devea-environnement.com\/de\/"},{"@type":"ListItem","position":2,"name":"Unsere VOD-News","item":"https:\/\/devea-environnement.com\/de\/unsere-dsva-news\/"},{"@type":"ListItem","position":3,"name":"Devea, Experte f\u00fcr VOD, in der Presse"}]},{"@type":"WebSite","@id":"https:\/\/devea-environnement.com\/#website","url":"https:\/\/devea-environnement.com\/","name":"Devea","description":"Votre expert scientifique fran\u00e7ais","potentialAction":[{"@type":"SearchAction","target":{"@type":"EntryPoint","urlTemplate":"https:\/\/devea-environnement.com\/?s={search_term_string}"},"query-input":{"@type":"PropertyValueSpecification","valueRequired":true,"valueName":"search_term_string"}}],"inLanguage":"de"}]}},"_links":{"self":[{"href":"https:\/\/devea-environnement.com\/de\/wp-json\/wp\/v2\/pages\/4669","targetHints":{"allow":["GET"]}}],"collection":[{"href":"https:\/\/devea-environnement.com\/de\/wp-json\/wp\/v2\/pages"}],"about":[{"href":"https:\/\/devea-environnement.com\/de\/wp-json\/wp\/v2\/types\/page"}],"author":[{"embeddable":true,"href":"https:\/\/devea-environnement.com\/de\/wp-json\/wp\/v2\/users\/1"}],"replies":[{"embeddable":true,"href":"https:\/\/devea-environnement.com\/de\/wp-json\/wp\/v2\/comments?post=4669"}],"version-history":[{"count":0,"href":"https:\/\/devea-environnement.com\/de\/wp-json\/wp\/v2\/pages\/4669\/revisions"}],"up":[{"embeddable":true,"href":"https:\/\/devea-environnement.com\/de\/wp-json\/wp\/v2\/pages\/4667"}],"wp:attachment":[{"href":"https:\/\/devea-environnement.com\/de\/wp-json\/wp\/v2\/media?parent=4669"}],"curies":[{"name":"wp","href":"https:\/\/api.w.org\/{rel}","templated":true}]}}