{"id":4670,"date":"2023-02-24T11:11:45","date_gmt":"2023-02-24T10:11:45","guid":{"rendered":"https:\/\/devea-environnement.com\/nos-domaines-dactivites\/"},"modified":"2026-01-21T14:41:35","modified_gmt":"2026-01-21T13:41:35","slug":"unsere-taetigkeitsbereiche-fuer-ihren-dsva","status":"publish","type":"page","link":"https:\/\/devea-environnement.com\/de\/unsere-taetigkeitsbereiche-fuer-ihren-dsva\/","title":{"rendered":"Unsere T\u00e4tigkeitsbereiche f\u00fcr Ihren VOD"},"content":{"rendered":"","protected":false},"excerpt":{"rendered":"","protected":false},"author":1,"featured_media":0,"parent":0,"menu_order":34,"comment_status":"closed","ping_status":"closed","template":"","meta":{"_acf_changed":false,"footnotes":""},"class_list":["post-4670","page","type-page","status-publish","hentry"],"acf":[],"yoast_head":"<!-- This site is optimized with the Yoast SEO plugin v27.4 - https:\/\/yoast.com\/product\/yoast-seo-wordpress\/ -->\n<title>Appareil de d\u00e9sinfection par voie a\u00e9rienne par activit\u00e9 | Devea<\/title>\n<meta name=\"description\" content=\"Retrouvez solutions de DSVA sp\u00e9cifiques selon votre activit\u00e9. Appareils de d\u00e9sinfection des surfaces par voie a\u00e9rienne adapt\u00e9s \u00e0 votre industrie.\" \/>\n<meta name=\"robots\" content=\"index, follow, max-snippet:-1, max-image-preview:large, max-video-preview:-1\" \/>\n<link rel=\"canonical\" href=\"https:\/\/devea-environnement.com\/de\/unsere-taetigkeitsbereiche-fuer-ihren-dsva\/\" \/>\n<meta property=\"og:locale\" content=\"de_DE\" \/>\n<meta property=\"og:type\" content=\"article\" \/>\n<meta property=\"og:title\" content=\"Appareil de d\u00e9sinfection par voie a\u00e9rienne par activit\u00e9 | Devea\" \/>\n<meta property=\"og:description\" content=\"Retrouvez solutions de DSVA sp\u00e9cifiques selon votre activit\u00e9. Appareils de d\u00e9sinfection des surfaces par voie a\u00e9rienne adapt\u00e9s \u00e0 votre industrie.\" \/>\n<meta property=\"og:url\" content=\"https:\/\/devea-environnement.com\/de\/unsere-taetigkeitsbereiche-fuer-ihren-dsva\/\" \/>\n<meta property=\"og:site_name\" content=\"Devea\" \/>\n<meta property=\"article:modified_time\" content=\"2026-01-21T13:41:35+00:00\" \/>\n<meta name=\"twitter:card\" content=\"summary_large_image\" \/>\n<script type=\"application\/ld+json\" class=\"yoast-schema-graph\">{\"@context\":\"https:\\\/\\\/schema.org\",\"@graph\":[{\"@type\":\"WebPage\",\"@id\":\"https:\\\/\\\/devea-environnement.com\\\/de\\\/unsere-taetigkeitsbereiche-fuer-ihren-dsva\\\/\",\"url\":\"https:\\\/\\\/devea-environnement.com\\\/de\\\/unsere-taetigkeitsbereiche-fuer-ihren-dsva\\\/\",\"name\":\"Appareil de d\u00e9sinfection par voie a\u00e9rienne par activit\u00e9 | Devea\",\"isPartOf\":{\"@id\":\"https:\\\/\\\/devea-environnement.com\\\/#website\"},\"datePublished\":\"2023-02-24T10:11:45+00:00\",\"dateModified\":\"2026-01-21T13:41:35+00:00\",\"description\":\"Retrouvez solutions de DSVA sp\u00e9cifiques selon votre activit\u00e9. Appareils de d\u00e9sinfection des surfaces par voie a\u00e9rienne adapt\u00e9s \u00e0 votre industrie.\",\"breadcrumb\":{\"@id\":\"https:\\\/\\\/devea-environnement.com\\\/de\\\/unsere-taetigkeitsbereiche-fuer-ihren-dsva\\\/#breadcrumb\"},\"inLanguage\":\"de\",\"potentialAction\":[{\"@type\":\"ReadAction\",\"target\":[\"https:\\\/\\\/devea-environnement.com\\\/de\\\/unsere-taetigkeitsbereiche-fuer-ihren-dsva\\\/\"]}]},{\"@type\":\"BreadcrumbList\",\"@id\":\"https:\\\/\\\/devea-environnement.com\\\/de\\\/unsere-taetigkeitsbereiche-fuer-ihren-dsva\\\/#breadcrumb\",\"itemListElement\":[{\"@type\":\"ListItem\",\"position\":1,\"name\":\"Startseite\",\"item\":\"https:\\\/\\\/devea-environnement.com\\\/de\\\/\"},{\"@type\":\"ListItem\",\"position\":2,\"name\":\"Unsere T\u00e4tigkeitsbereiche f\u00fcr Ihren VOD\"}]},{\"@type\":\"WebSite\",\"@id\":\"https:\\\/\\\/devea-environnement.com\\\/#website\",\"url\":\"https:\\\/\\\/devea-environnement.com\\\/\",\"name\":\"Devea\",\"description\":\"Votre expert scientifique fran\u00e7ais\",\"potentialAction\":[{\"@type\":\"SearchAction\",\"target\":{\"@type\":\"EntryPoint\",\"urlTemplate\":\"https:\\\/\\\/devea-environnement.com\\\/?s={search_term_string}\"},\"query-input\":{\"@type\":\"PropertyValueSpecification\",\"valueRequired\":true,\"valueName\":\"search_term_string\"}}],\"inLanguage\":\"de\"}]}<\/script>\n<!-- \/ Yoast SEO plugin. -->","yoast_head_json":{"title":"Appareil de d\u00e9sinfection par voie a\u00e9rienne par activit\u00e9 | Devea","description":"Retrouvez solutions de DSVA sp\u00e9cifiques selon votre activit\u00e9. Appareils de d\u00e9sinfection des surfaces par voie a\u00e9rienne adapt\u00e9s \u00e0 votre industrie.","robots":{"index":"index","follow":"follow","max-snippet":"max-snippet:-1","max-image-preview":"max-image-preview:large","max-video-preview":"max-video-preview:-1"},"canonical":"https:\/\/devea-environnement.com\/de\/unsere-taetigkeitsbereiche-fuer-ihren-dsva\/","og_locale":"de_DE","og_type":"article","og_title":"Appareil de d\u00e9sinfection par voie a\u00e9rienne par activit\u00e9 | Devea","og_description":"Retrouvez solutions de DSVA sp\u00e9cifiques selon votre activit\u00e9. Appareils de d\u00e9sinfection des surfaces par voie a\u00e9rienne adapt\u00e9s \u00e0 votre industrie.","og_url":"https:\/\/devea-environnement.com\/de\/unsere-taetigkeitsbereiche-fuer-ihren-dsva\/","og_site_name":"Devea","article_modified_time":"2026-01-21T13:41:35+00:00","twitter_card":"summary_large_image","schema":{"@context":"https:\/\/schema.org","@graph":[{"@type":"WebPage","@id":"https:\/\/devea-environnement.com\/de\/unsere-taetigkeitsbereiche-fuer-ihren-dsva\/","url":"https:\/\/devea-environnement.com\/de\/unsere-taetigkeitsbereiche-fuer-ihren-dsva\/","name":"Appareil de d\u00e9sinfection par voie a\u00e9rienne par activit\u00e9 | Devea","isPartOf":{"@id":"https:\/\/devea-environnement.com\/#website"},"datePublished":"2023-02-24T10:11:45+00:00","dateModified":"2026-01-21T13:41:35+00:00","description":"Retrouvez solutions de DSVA sp\u00e9cifiques selon votre activit\u00e9. Appareils de d\u00e9sinfection des surfaces par voie a\u00e9rienne adapt\u00e9s \u00e0 votre industrie.","breadcrumb":{"@id":"https:\/\/devea-environnement.com\/de\/unsere-taetigkeitsbereiche-fuer-ihren-dsva\/#breadcrumb"},"inLanguage":"de","potentialAction":[{"@type":"ReadAction","target":["https:\/\/devea-environnement.com\/de\/unsere-taetigkeitsbereiche-fuer-ihren-dsva\/"]}]},{"@type":"BreadcrumbList","@id":"https:\/\/devea-environnement.com\/de\/unsere-taetigkeitsbereiche-fuer-ihren-dsva\/#breadcrumb","itemListElement":[{"@type":"ListItem","position":1,"name":"Startseite","item":"https:\/\/devea-environnement.com\/de\/"},{"@type":"ListItem","position":2,"name":"Unsere T\u00e4tigkeitsbereiche f\u00fcr Ihren VOD"}]},{"@type":"WebSite","@id":"https:\/\/devea-environnement.com\/#website","url":"https:\/\/devea-environnement.com\/","name":"Devea","description":"Votre expert scientifique fran\u00e7ais","potentialAction":[{"@type":"SearchAction","target":{"@type":"EntryPoint","urlTemplate":"https:\/\/devea-environnement.com\/?s={search_term_string}"},"query-input":{"@type":"PropertyValueSpecification","valueRequired":true,"valueName":"search_term_string"}}],"inLanguage":"de"}]}},"_links":{"self":[{"href":"https:\/\/devea-environnement.com\/de\/wp-json\/wp\/v2\/pages\/4670","targetHints":{"allow":["GET"]}}],"collection":[{"href":"https:\/\/devea-environnement.com\/de\/wp-json\/wp\/v2\/pages"}],"about":[{"href":"https:\/\/devea-environnement.com\/de\/wp-json\/wp\/v2\/types\/page"}],"author":[{"embeddable":true,"href":"https:\/\/devea-environnement.com\/de\/wp-json\/wp\/v2\/users\/1"}],"replies":[{"embeddable":true,"href":"https:\/\/devea-environnement.com\/de\/wp-json\/wp\/v2\/comments?post=4670"}],"version-history":[{"count":0,"href":"https:\/\/devea-environnement.com\/de\/wp-json\/wp\/v2\/pages\/4670\/revisions"}],"wp:attachment":[{"href":"https:\/\/devea-environnement.com\/de\/wp-json\/wp\/v2\/media?parent=4670"}],"curies":[{"name":"wp","href":"https:\/\/api.w.org\/{rel}","templated":true}]}}