{"id":4671,"date":"2023-02-24T11:12:00","date_gmt":"2023-02-24T10:12:00","guid":{"rendered":"https:\/\/devea-environnement.com\/nos-domaines-dactivites\/industrie-pharmaceutique\/"},"modified":"2026-02-19T12:26:47","modified_gmt":"2026-02-19T11:26:47","slug":"vod-fuer-die-pharmaindustrie","status":"publish","type":"page","link":"https:\/\/devea-environnement.com\/de\/unsere-taetigkeitsbereiche-fuer-ihren-dsva\/vod-fuer-die-pharmaindustrie\/","title":{"rendered":"VOD f\u00fcr die Pharmaindustrie"},"content":{"rendered":"","protected":false},"excerpt":{"rendered":"","protected":false},"author":1,"featured_media":0,"parent":4670,"menu_order":39,"comment_status":"closed","ping_status":"closed","template":"","meta":{"_acf_changed":false,"footnotes":""},"class_list":["post-4671","page","type-page","status-publish","hentry"],"acf":[],"yoast_head":"<!-- This site is optimized with the Yoast SEO plugin v27.5 - https:\/\/yoast.com\/product\/yoast-seo-wordpress\/ -->\n<title>VOD Ger\u00e4t f\u00fcr die Pharmaindustrie | Devea<\/title>\n<meta name=\"description\" content=\"Bedarf an VOD in der Pharmaindustrie? Ger\u00e4te zur biologischen Dekontamination von Oberfl\u00e4chen \u00fcber die Luft f\u00fcr Ihre Branche. Experte Devea.\" \/>\n<meta name=\"robots\" content=\"index, follow, max-snippet:-1, max-image-preview:large, max-video-preview:-1\" \/>\n<link rel=\"canonical\" href=\"https:\/\/devea-environnement.com\/de\/unsere-taetigkeitsbereiche-fuer-ihren-dsva\/vod-fuer-die-pharmaindustrie\/\" \/>\n<meta property=\"og:locale\" content=\"de_DE\" \/>\n<meta property=\"og:type\" content=\"article\" \/>\n<meta property=\"og:title\" content=\"VOD Ger\u00e4t f\u00fcr die Pharmaindustrie | Devea\" \/>\n<meta property=\"og:description\" content=\"Bedarf an VOD in der Pharmaindustrie? Ger\u00e4te zur biologischen Dekontamination von Oberfl\u00e4chen \u00fcber die Luft f\u00fcr Ihre Branche. Experte Devea.\" \/>\n<meta property=\"og:url\" content=\"https:\/\/devea-environnement.com\/de\/unsere-taetigkeitsbereiche-fuer-ihren-dsva\/vod-fuer-die-pharmaindustrie\/\" \/>\n<meta property=\"og:site_name\" content=\"Devea\" \/>\n<meta property=\"article:modified_time\" content=\"2026-02-19T11:26:47+00:00\" \/>\n<meta name=\"twitter:card\" content=\"summary_large_image\" \/>\n<meta name=\"twitter:label1\" content=\"Gesch\u00e4tzte Lesezeit\" \/>\n\t<meta name=\"twitter:data1\" content=\"3\u00a0Minuten\" \/>\n<script type=\"application\/ld+json\" class=\"yoast-schema-graph\">{\"@context\":\"https:\\\/\\\/schema.org\",\"@graph\":[{\"@type\":\"WebPage\",\"@id\":\"https:\\\/\\\/devea-environnement.com\\\/de\\\/unsere-taetigkeitsbereiche-fuer-ihren-dsva\\\/vod-fuer-die-pharmaindustrie\\\/\",\"url\":\"https:\\\/\\\/devea-environnement.com\\\/de\\\/unsere-taetigkeitsbereiche-fuer-ihren-dsva\\\/vod-fuer-die-pharmaindustrie\\\/\",\"name\":\"VOD Ger\u00e4t f\u00fcr die Pharmaindustrie | Devea\",\"isPartOf\":{\"@id\":\"https:\\\/\\\/devea-environnement.com\\\/#website\"},\"datePublished\":\"2023-02-24T10:12:00+00:00\",\"dateModified\":\"2026-02-19T11:26:47+00:00\",\"description\":\"Bedarf an VOD in der Pharmaindustrie? Ger\u00e4te zur biologischen Dekontamination von Oberfl\u00e4chen \u00fcber die Luft f\u00fcr Ihre Branche. Experte Devea.\",\"breadcrumb\":{\"@id\":\"https:\\\/\\\/devea-environnement.com\\\/de\\\/unsere-taetigkeitsbereiche-fuer-ihren-dsva\\\/vod-fuer-die-pharmaindustrie\\\/#breadcrumb\"},\"inLanguage\":\"de\",\"potentialAction\":[{\"@type\":\"ReadAction\",\"target\":[\"https:\\\/\\\/devea-environnement.com\\\/de\\\/unsere-taetigkeitsbereiche-fuer-ihren-dsva\\\/vod-fuer-die-pharmaindustrie\\\/\"]}]},{\"@type\":\"BreadcrumbList\",\"@id\":\"https:\\\/\\\/devea-environnement.com\\\/de\\\/unsere-taetigkeitsbereiche-fuer-ihren-dsva\\\/vod-fuer-die-pharmaindustrie\\\/#breadcrumb\",\"itemListElement\":[{\"@type\":\"ListItem\",\"position\":1,\"name\":\"Startseite\",\"item\":\"https:\\\/\\\/devea-environnement.com\\\/de\\\/\"},{\"@type\":\"ListItem\",\"position\":2,\"name\":\"Unsere T\u00e4tigkeitsbereiche f\u00fcr Ihren VOD\",\"item\":\"https:\\\/\\\/devea-environnement.com\\\/de\\\/unsere-taetigkeitsbereiche-fuer-ihren-dsva\\\/\"},{\"@type\":\"ListItem\",\"position\":3,\"name\":\"VOD f\u00fcr die Pharmaindustrie\"}]},{\"@type\":\"WebSite\",\"@id\":\"https:\\\/\\\/devea-environnement.com\\\/#website\",\"url\":\"https:\\\/\\\/devea-environnement.com\\\/\",\"name\":\"Devea\",\"description\":\"Votre expert scientifique fran\u00e7ais\",\"potentialAction\":[{\"@type\":\"SearchAction\",\"target\":{\"@type\":\"EntryPoint\",\"urlTemplate\":\"https:\\\/\\\/devea-environnement.com\\\/?s={search_term_string}\"},\"query-input\":{\"@type\":\"PropertyValueSpecification\",\"valueRequired\":true,\"valueName\":\"search_term_string\"}}],\"inLanguage\":\"de\"}]}<\/script>\n<!-- \/ Yoast SEO plugin. -->","yoast_head_json":{"title":"VOD Ger\u00e4t f\u00fcr die Pharmaindustrie | Devea","description":"Bedarf an VOD in der Pharmaindustrie? Ger\u00e4te zur biologischen Dekontamination von Oberfl\u00e4chen \u00fcber die Luft f\u00fcr Ihre Branche. Experte Devea.","robots":{"index":"index","follow":"follow","max-snippet":"max-snippet:-1","max-image-preview":"max-image-preview:large","max-video-preview":"max-video-preview:-1"},"canonical":"https:\/\/devea-environnement.com\/de\/unsere-taetigkeitsbereiche-fuer-ihren-dsva\/vod-fuer-die-pharmaindustrie\/","og_locale":"de_DE","og_type":"article","og_title":"VOD Ger\u00e4t f\u00fcr die Pharmaindustrie | Devea","og_description":"Bedarf an VOD in der Pharmaindustrie? Ger\u00e4te zur biologischen Dekontamination von Oberfl\u00e4chen \u00fcber die Luft f\u00fcr Ihre Branche. Experte Devea.","og_url":"https:\/\/devea-environnement.com\/de\/unsere-taetigkeitsbereiche-fuer-ihren-dsva\/vod-fuer-die-pharmaindustrie\/","og_site_name":"Devea","article_modified_time":"2026-02-19T11:26:47+00:00","twitter_card":"summary_large_image","twitter_misc":{"Gesch\u00e4tzte Lesezeit":"3\u00a0Minuten"},"schema":{"@context":"https:\/\/schema.org","@graph":[{"@type":"WebPage","@id":"https:\/\/devea-environnement.com\/de\/unsere-taetigkeitsbereiche-fuer-ihren-dsva\/vod-fuer-die-pharmaindustrie\/","url":"https:\/\/devea-environnement.com\/de\/unsere-taetigkeitsbereiche-fuer-ihren-dsva\/vod-fuer-die-pharmaindustrie\/","name":"VOD Ger\u00e4t f\u00fcr die Pharmaindustrie | Devea","isPartOf":{"@id":"https:\/\/devea-environnement.com\/#website"},"datePublished":"2023-02-24T10:12:00+00:00","dateModified":"2026-02-19T11:26:47+00:00","description":"Bedarf an VOD in der Pharmaindustrie? Ger\u00e4te zur biologischen Dekontamination von Oberfl\u00e4chen \u00fcber die Luft f\u00fcr Ihre Branche. Experte Devea.","breadcrumb":{"@id":"https:\/\/devea-environnement.com\/de\/unsere-taetigkeitsbereiche-fuer-ihren-dsva\/vod-fuer-die-pharmaindustrie\/#breadcrumb"},"inLanguage":"de","potentialAction":[{"@type":"ReadAction","target":["https:\/\/devea-environnement.com\/de\/unsere-taetigkeitsbereiche-fuer-ihren-dsva\/vod-fuer-die-pharmaindustrie\/"]}]},{"@type":"BreadcrumbList","@id":"https:\/\/devea-environnement.com\/de\/unsere-taetigkeitsbereiche-fuer-ihren-dsva\/vod-fuer-die-pharmaindustrie\/#breadcrumb","itemListElement":[{"@type":"ListItem","position":1,"name":"Startseite","item":"https:\/\/devea-environnement.com\/de\/"},{"@type":"ListItem","position":2,"name":"Unsere T\u00e4tigkeitsbereiche f\u00fcr Ihren VOD","item":"https:\/\/devea-environnement.com\/de\/unsere-taetigkeitsbereiche-fuer-ihren-dsva\/"},{"@type":"ListItem","position":3,"name":"VOD f\u00fcr die Pharmaindustrie"}]},{"@type":"WebSite","@id":"https:\/\/devea-environnement.com\/#website","url":"https:\/\/devea-environnement.com\/","name":"Devea","description":"Votre expert scientifique fran\u00e7ais","potentialAction":[{"@type":"SearchAction","target":{"@type":"EntryPoint","urlTemplate":"https:\/\/devea-environnement.com\/?s={search_term_string}"},"query-input":{"@type":"PropertyValueSpecification","valueRequired":true,"valueName":"search_term_string"}}],"inLanguage":"de"}]}},"_links":{"self":[{"href":"https:\/\/devea-environnement.com\/de\/wp-json\/wp\/v2\/pages\/4671","targetHints":{"allow":["GET"]}}],"collection":[{"href":"https:\/\/devea-environnement.com\/de\/wp-json\/wp\/v2\/pages"}],"about":[{"href":"https:\/\/devea-environnement.com\/de\/wp-json\/wp\/v2\/types\/page"}],"author":[{"embeddable":true,"href":"https:\/\/devea-environnement.com\/de\/wp-json\/wp\/v2\/users\/1"}],"replies":[{"embeddable":true,"href":"https:\/\/devea-environnement.com\/de\/wp-json\/wp\/v2\/comments?post=4671"}],"version-history":[{"count":0,"href":"https:\/\/devea-environnement.com\/de\/wp-json\/wp\/v2\/pages\/4671\/revisions"}],"up":[{"embeddable":true,"href":"https:\/\/devea-environnement.com\/de\/wp-json\/wp\/v2\/pages\/4670"}],"wp:attachment":[{"href":"https:\/\/devea-environnement.com\/de\/wp-json\/wp\/v2\/media?parent=4671"}],"curies":[{"name":"wp","href":"https:\/\/api.w.org\/{rel}","templated":true}]}}