{"id":4672,"date":"2023-02-24T11:12:14","date_gmt":"2023-02-24T10:12:14","guid":{"rendered":"https:\/\/devea-environnement.com\/nos-domaines-dactivites\/laboratoire-de-recherche\/"},"modified":"2026-02-19T12:32:09","modified_gmt":"2026-02-19T11:32:09","slug":"vod-fuer-forschungslabore","status":"publish","type":"page","link":"https:\/\/devea-environnement.com\/de\/unsere-taetigkeitsbereiche-fuer-ihren-dsva\/vod-fuer-forschungslabore\/","title":{"rendered":"VOD f\u00fcr Forschungslabore"},"content":{"rendered":"","protected":false},"excerpt":{"rendered":"","protected":false},"author":1,"featured_media":0,"parent":4670,"menu_order":41,"comment_status":"closed","ping_status":"closed","template":"","meta":{"_acf_changed":false,"footnotes":""},"class_list":["post-4672","page","type-page","status-publish","hentry"],"acf":[],"yoast_head":"<!-- This site is optimized with the Yoast SEO plugin v27.5 - https:\/\/yoast.com\/product\/yoast-seo-wordpress\/ -->\n<title>Dekontamination Forschungslabor VOD | Devea<\/title>\n<meta name=\"description\" content=\"Ben\u00f6tigen Sie VOD f\u00fcr Ihr Forschungslabor? Ger\u00e4te zur biologischen Dekontamination von Oberfl\u00e4chen \u00fcber die Luft f\u00fcr Ihren Bereich von Devea.\" \/>\n<meta name=\"robots\" content=\"index, follow, max-snippet:-1, max-image-preview:large, max-video-preview:-1\" \/>\n<link rel=\"canonical\" href=\"https:\/\/devea-environnement.com\/de\/unsere-taetigkeitsbereiche-fuer-ihren-dsva\/vod-fuer-forschungslabore\/\" \/>\n<meta property=\"og:locale\" content=\"de_DE\" \/>\n<meta property=\"og:type\" content=\"article\" \/>\n<meta property=\"og:title\" content=\"Dekontamination Forschungslabor VOD | Devea\" \/>\n<meta property=\"og:description\" content=\"Ben\u00f6tigen Sie VOD f\u00fcr Ihr Forschungslabor? Ger\u00e4te zur biologischen Dekontamination von Oberfl\u00e4chen \u00fcber die Luft f\u00fcr Ihren Bereich von Devea.\" \/>\n<meta property=\"og:url\" content=\"https:\/\/devea-environnement.com\/de\/unsere-taetigkeitsbereiche-fuer-ihren-dsva\/vod-fuer-forschungslabore\/\" \/>\n<meta property=\"og:site_name\" content=\"Devea\" \/>\n<meta property=\"article:modified_time\" content=\"2026-02-19T11:32:09+00:00\" \/>\n<meta name=\"twitter:card\" content=\"summary_large_image\" \/>\n<meta name=\"twitter:label1\" content=\"Gesch\u00e4tzte Lesezeit\" \/>\n\t<meta name=\"twitter:data1\" content=\"4\u00a0Minuten\" \/>\n<script type=\"application\/ld+json\" class=\"yoast-schema-graph\">{\"@context\":\"https:\\\/\\\/schema.org\",\"@graph\":[{\"@type\":\"WebPage\",\"@id\":\"https:\\\/\\\/devea-environnement.com\\\/de\\\/unsere-taetigkeitsbereiche-fuer-ihren-dsva\\\/vod-fuer-forschungslabore\\\/\",\"url\":\"https:\\\/\\\/devea-environnement.com\\\/de\\\/unsere-taetigkeitsbereiche-fuer-ihren-dsva\\\/vod-fuer-forschungslabore\\\/\",\"name\":\"Dekontamination Forschungslabor VOD | Devea\",\"isPartOf\":{\"@id\":\"https:\\\/\\\/devea-environnement.com\\\/#website\"},\"datePublished\":\"2023-02-24T10:12:14+00:00\",\"dateModified\":\"2026-02-19T11:32:09+00:00\",\"description\":\"Ben\u00f6tigen Sie VOD f\u00fcr Ihr Forschungslabor? Ger\u00e4te zur biologischen Dekontamination von Oberfl\u00e4chen \u00fcber die Luft f\u00fcr Ihren Bereich von Devea.\",\"breadcrumb\":{\"@id\":\"https:\\\/\\\/devea-environnement.com\\\/de\\\/unsere-taetigkeitsbereiche-fuer-ihren-dsva\\\/vod-fuer-forschungslabore\\\/#breadcrumb\"},\"inLanguage\":\"de\",\"potentialAction\":[{\"@type\":\"ReadAction\",\"target\":[\"https:\\\/\\\/devea-environnement.com\\\/de\\\/unsere-taetigkeitsbereiche-fuer-ihren-dsva\\\/vod-fuer-forschungslabore\\\/\"]}]},{\"@type\":\"BreadcrumbList\",\"@id\":\"https:\\\/\\\/devea-environnement.com\\\/de\\\/unsere-taetigkeitsbereiche-fuer-ihren-dsva\\\/vod-fuer-forschungslabore\\\/#breadcrumb\",\"itemListElement\":[{\"@type\":\"ListItem\",\"position\":1,\"name\":\"Startseite\",\"item\":\"https:\\\/\\\/devea-environnement.com\\\/de\\\/\"},{\"@type\":\"ListItem\",\"position\":2,\"name\":\"Unsere T\u00e4tigkeitsbereiche f\u00fcr Ihren VOD\",\"item\":\"https:\\\/\\\/devea-environnement.com\\\/de\\\/unsere-taetigkeitsbereiche-fuer-ihren-dsva\\\/\"},{\"@type\":\"ListItem\",\"position\":3,\"name\":\"VOD f\u00fcr Forschungslabore\"}]},{\"@type\":\"WebSite\",\"@id\":\"https:\\\/\\\/devea-environnement.com\\\/#website\",\"url\":\"https:\\\/\\\/devea-environnement.com\\\/\",\"name\":\"Devea\",\"description\":\"Votre expert scientifique fran\u00e7ais\",\"potentialAction\":[{\"@type\":\"SearchAction\",\"target\":{\"@type\":\"EntryPoint\",\"urlTemplate\":\"https:\\\/\\\/devea-environnement.com\\\/?s={search_term_string}\"},\"query-input\":{\"@type\":\"PropertyValueSpecification\",\"valueRequired\":true,\"valueName\":\"search_term_string\"}}],\"inLanguage\":\"de\"}]}<\/script>\n<!-- \/ Yoast SEO plugin. -->","yoast_head_json":{"title":"Dekontamination Forschungslabor VOD | Devea","description":"Ben\u00f6tigen Sie VOD f\u00fcr Ihr Forschungslabor? Ger\u00e4te zur biologischen Dekontamination von Oberfl\u00e4chen \u00fcber die Luft f\u00fcr Ihren Bereich von Devea.","robots":{"index":"index","follow":"follow","max-snippet":"max-snippet:-1","max-image-preview":"max-image-preview:large","max-video-preview":"max-video-preview:-1"},"canonical":"https:\/\/devea-environnement.com\/de\/unsere-taetigkeitsbereiche-fuer-ihren-dsva\/vod-fuer-forschungslabore\/","og_locale":"de_DE","og_type":"article","og_title":"Dekontamination Forschungslabor VOD | Devea","og_description":"Ben\u00f6tigen Sie VOD f\u00fcr Ihr Forschungslabor? Ger\u00e4te zur biologischen Dekontamination von Oberfl\u00e4chen \u00fcber die Luft f\u00fcr Ihren Bereich von Devea.","og_url":"https:\/\/devea-environnement.com\/de\/unsere-taetigkeitsbereiche-fuer-ihren-dsva\/vod-fuer-forschungslabore\/","og_site_name":"Devea","article_modified_time":"2026-02-19T11:32:09+00:00","twitter_card":"summary_large_image","twitter_misc":{"Gesch\u00e4tzte Lesezeit":"4\u00a0Minuten"},"schema":{"@context":"https:\/\/schema.org","@graph":[{"@type":"WebPage","@id":"https:\/\/devea-environnement.com\/de\/unsere-taetigkeitsbereiche-fuer-ihren-dsva\/vod-fuer-forschungslabore\/","url":"https:\/\/devea-environnement.com\/de\/unsere-taetigkeitsbereiche-fuer-ihren-dsva\/vod-fuer-forschungslabore\/","name":"Dekontamination Forschungslabor VOD | Devea","isPartOf":{"@id":"https:\/\/devea-environnement.com\/#website"},"datePublished":"2023-02-24T10:12:14+00:00","dateModified":"2026-02-19T11:32:09+00:00","description":"Ben\u00f6tigen Sie VOD f\u00fcr Ihr Forschungslabor? Ger\u00e4te zur biologischen Dekontamination von Oberfl\u00e4chen \u00fcber die Luft f\u00fcr Ihren Bereich von Devea.","breadcrumb":{"@id":"https:\/\/devea-environnement.com\/de\/unsere-taetigkeitsbereiche-fuer-ihren-dsva\/vod-fuer-forschungslabore\/#breadcrumb"},"inLanguage":"de","potentialAction":[{"@type":"ReadAction","target":["https:\/\/devea-environnement.com\/de\/unsere-taetigkeitsbereiche-fuer-ihren-dsva\/vod-fuer-forschungslabore\/"]}]},{"@type":"BreadcrumbList","@id":"https:\/\/devea-environnement.com\/de\/unsere-taetigkeitsbereiche-fuer-ihren-dsva\/vod-fuer-forschungslabore\/#breadcrumb","itemListElement":[{"@type":"ListItem","position":1,"name":"Startseite","item":"https:\/\/devea-environnement.com\/de\/"},{"@type":"ListItem","position":2,"name":"Unsere T\u00e4tigkeitsbereiche f\u00fcr Ihren VOD","item":"https:\/\/devea-environnement.com\/de\/unsere-taetigkeitsbereiche-fuer-ihren-dsva\/"},{"@type":"ListItem","position":3,"name":"VOD f\u00fcr Forschungslabore"}]},{"@type":"WebSite","@id":"https:\/\/devea-environnement.com\/#website","url":"https:\/\/devea-environnement.com\/","name":"Devea","description":"Votre expert scientifique fran\u00e7ais","potentialAction":[{"@type":"SearchAction","target":{"@type":"EntryPoint","urlTemplate":"https:\/\/devea-environnement.com\/?s={search_term_string}"},"query-input":{"@type":"PropertyValueSpecification","valueRequired":true,"valueName":"search_term_string"}}],"inLanguage":"de"}]}},"_links":{"self":[{"href":"https:\/\/devea-environnement.com\/de\/wp-json\/wp\/v2\/pages\/4672","targetHints":{"allow":["GET"]}}],"collection":[{"href":"https:\/\/devea-environnement.com\/de\/wp-json\/wp\/v2\/pages"}],"about":[{"href":"https:\/\/devea-environnement.com\/de\/wp-json\/wp\/v2\/types\/page"}],"author":[{"embeddable":true,"href":"https:\/\/devea-environnement.com\/de\/wp-json\/wp\/v2\/users\/1"}],"replies":[{"embeddable":true,"href":"https:\/\/devea-environnement.com\/de\/wp-json\/wp\/v2\/comments?post=4672"}],"version-history":[{"count":0,"href":"https:\/\/devea-environnement.com\/de\/wp-json\/wp\/v2\/pages\/4672\/revisions"}],"up":[{"embeddable":true,"href":"https:\/\/devea-environnement.com\/de\/wp-json\/wp\/v2\/pages\/4670"}],"wp:attachment":[{"href":"https:\/\/devea-environnement.com\/de\/wp-json\/wp\/v2\/media?parent=4672"}],"curies":[{"name":"wp","href":"https:\/\/api.w.org\/{rel}","templated":true}]}}