{"id":4676,"date":"2023-02-24T11:15:48","date_gmt":"2023-02-24T10:15:48","guid":{"rendered":"https:\/\/devea-environnement.com\/nos-domaines-dactivites\/dsva-pour-hopitaux-cliniques-et-ehpad\/"},"modified":"2026-02-19T12:33:27","modified_gmt":"2026-02-19T11:33:27","slug":"vod-fuer-krankenhaeuser-kliniken-und-seniorenheime","status":"publish","type":"page","link":"https:\/\/devea-environnement.com\/de\/unsere-taetigkeitsbereiche-fuer-ihren-dsva\/vod-fuer-krankenhaeuser-kliniken-und-seniorenheime\/","title":{"rendered":"VOD f\u00fcr Krankenh\u00e4user, Kliniken und Seniorenheime"},"content":{"rendered":"","protected":false},"excerpt":{"rendered":"","protected":false},"author":1,"featured_media":0,"parent":4670,"menu_order":48,"comment_status":"closed","ping_status":"closed","template":"","meta":{"_acf_changed":false,"footnotes":""},"class_list":["post-4676","page","type-page","status-publish","hentry"],"acf":[],"yoast_head":"<!-- This site is optimized with the Yoast SEO plugin v27.5 - https:\/\/yoast.com\/product\/yoast-seo-wordpress\/ -->\n<title>Vernebelungsbasierte Oberfl\u00e4chendesinfektion (VOD) in Krankenh\u00e4usern VOD | Devea<\/title>\n<meta name=\"description\" content=\"Entdecken Sie unser VOD-Angebot zur Vernebelungsbasierte Oberfl\u00e4chendesinfektion (VOD) durch Vernebelung in Krankenh\u00e4usern, Kliniken und Seniorenheimen. Experte f\u00fcr biologische Dekontamination.\" \/>\n<meta name=\"robots\" content=\"index, follow, max-snippet:-1, max-image-preview:large, max-video-preview:-1\" \/>\n<link rel=\"canonical\" href=\"https:\/\/devea-environnement.com\/de\/unsere-taetigkeitsbereiche-fuer-ihren-dsva\/vod-fuer-krankenhaeuser-kliniken-und-seniorenheime\/\" \/>\n<meta property=\"og:locale\" content=\"de_DE\" \/>\n<meta property=\"og:type\" content=\"article\" \/>\n<meta property=\"og:title\" content=\"Vernebelungsbasierte Oberfl\u00e4chendesinfektion (VOD) in Krankenh\u00e4usern VOD | Devea\" \/>\n<meta property=\"og:description\" content=\"Entdecken Sie unser VOD-Angebot zur Vernebelungsbasierte Oberfl\u00e4chendesinfektion (VOD) durch Vernebelung in Krankenh\u00e4usern, Kliniken und Seniorenheimen. Experte f\u00fcr biologische Dekontamination.\" \/>\n<meta property=\"og:url\" content=\"https:\/\/devea-environnement.com\/de\/unsere-taetigkeitsbereiche-fuer-ihren-dsva\/vod-fuer-krankenhaeuser-kliniken-und-seniorenheime\/\" \/>\n<meta property=\"og:site_name\" content=\"Devea\" \/>\n<meta property=\"article:modified_time\" content=\"2026-02-19T11:33:27+00:00\" \/>\n<meta name=\"twitter:card\" content=\"summary_large_image\" \/>\n<meta name=\"twitter:label1\" content=\"Gesch\u00e4tzte Lesezeit\" \/>\n\t<meta name=\"twitter:data1\" content=\"3\u00a0Minuten\" \/>\n<script type=\"application\/ld+json\" class=\"yoast-schema-graph\">{\"@context\":\"https:\\\/\\\/schema.org\",\"@graph\":[{\"@type\":\"WebPage\",\"@id\":\"https:\\\/\\\/devea-environnement.com\\\/de\\\/unsere-taetigkeitsbereiche-fuer-ihren-dsva\\\/vod-fuer-krankenhaeuser-kliniken-und-seniorenheime\\\/\",\"url\":\"https:\\\/\\\/devea-environnement.com\\\/de\\\/unsere-taetigkeitsbereiche-fuer-ihren-dsva\\\/vod-fuer-krankenhaeuser-kliniken-und-seniorenheime\\\/\",\"name\":\"Vernebelungsbasierte Oberfl\u00e4chendesinfektion (VOD) in Krankenh\u00e4usern VOD | Devea\",\"isPartOf\":{\"@id\":\"https:\\\/\\\/devea-environnement.com\\\/#website\"},\"datePublished\":\"2023-02-24T10:15:48+00:00\",\"dateModified\":\"2026-02-19T11:33:27+00:00\",\"description\":\"Entdecken Sie unser VOD-Angebot zur Vernebelungsbasierte Oberfl\u00e4chendesinfektion (VOD) durch Vernebelung in Krankenh\u00e4usern, Kliniken und Seniorenheimen. Experte f\u00fcr biologische Dekontamination.\",\"breadcrumb\":{\"@id\":\"https:\\\/\\\/devea-environnement.com\\\/de\\\/unsere-taetigkeitsbereiche-fuer-ihren-dsva\\\/vod-fuer-krankenhaeuser-kliniken-und-seniorenheime\\\/#breadcrumb\"},\"inLanguage\":\"de\",\"potentialAction\":[{\"@type\":\"ReadAction\",\"target\":[\"https:\\\/\\\/devea-environnement.com\\\/de\\\/unsere-taetigkeitsbereiche-fuer-ihren-dsva\\\/vod-fuer-krankenhaeuser-kliniken-und-seniorenheime\\\/\"]}]},{\"@type\":\"BreadcrumbList\",\"@id\":\"https:\\\/\\\/devea-environnement.com\\\/de\\\/unsere-taetigkeitsbereiche-fuer-ihren-dsva\\\/vod-fuer-krankenhaeuser-kliniken-und-seniorenheime\\\/#breadcrumb\",\"itemListElement\":[{\"@type\":\"ListItem\",\"position\":1,\"name\":\"Startseite\",\"item\":\"https:\\\/\\\/devea-environnement.com\\\/de\\\/\"},{\"@type\":\"ListItem\",\"position\":2,\"name\":\"Unsere T\u00e4tigkeitsbereiche f\u00fcr Ihren VOD\",\"item\":\"https:\\\/\\\/devea-environnement.com\\\/de\\\/unsere-taetigkeitsbereiche-fuer-ihren-dsva\\\/\"},{\"@type\":\"ListItem\",\"position\":3,\"name\":\"VOD f\u00fcr Krankenh\u00e4user, Kliniken und Seniorenheime\"}]},{\"@type\":\"WebSite\",\"@id\":\"https:\\\/\\\/devea-environnement.com\\\/#website\",\"url\":\"https:\\\/\\\/devea-environnement.com\\\/\",\"name\":\"Devea\",\"description\":\"Votre expert scientifique fran\u00e7ais\",\"potentialAction\":[{\"@type\":\"SearchAction\",\"target\":{\"@type\":\"EntryPoint\",\"urlTemplate\":\"https:\\\/\\\/devea-environnement.com\\\/?s={search_term_string}\"},\"query-input\":{\"@type\":\"PropertyValueSpecification\",\"valueRequired\":true,\"valueName\":\"search_term_string\"}}],\"inLanguage\":\"de\"}]}<\/script>\n<!-- \/ Yoast SEO plugin. -->","yoast_head_json":{"title":"Vernebelungsbasierte Oberfl\u00e4chendesinfektion (VOD) in Krankenh\u00e4usern VOD | Devea","description":"Entdecken Sie unser VOD-Angebot zur Vernebelungsbasierte Oberfl\u00e4chendesinfektion (VOD) durch Vernebelung in Krankenh\u00e4usern, Kliniken und Seniorenheimen. Experte f\u00fcr biologische Dekontamination.","robots":{"index":"index","follow":"follow","max-snippet":"max-snippet:-1","max-image-preview":"max-image-preview:large","max-video-preview":"max-video-preview:-1"},"canonical":"https:\/\/devea-environnement.com\/de\/unsere-taetigkeitsbereiche-fuer-ihren-dsva\/vod-fuer-krankenhaeuser-kliniken-und-seniorenheime\/","og_locale":"de_DE","og_type":"article","og_title":"Vernebelungsbasierte Oberfl\u00e4chendesinfektion (VOD) in Krankenh\u00e4usern VOD | Devea","og_description":"Entdecken Sie unser VOD-Angebot zur Vernebelungsbasierte Oberfl\u00e4chendesinfektion (VOD) durch Vernebelung in Krankenh\u00e4usern, Kliniken und Seniorenheimen. Experte f\u00fcr biologische Dekontamination.","og_url":"https:\/\/devea-environnement.com\/de\/unsere-taetigkeitsbereiche-fuer-ihren-dsva\/vod-fuer-krankenhaeuser-kliniken-und-seniorenheime\/","og_site_name":"Devea","article_modified_time":"2026-02-19T11:33:27+00:00","twitter_card":"summary_large_image","twitter_misc":{"Gesch\u00e4tzte Lesezeit":"3\u00a0Minuten"},"schema":{"@context":"https:\/\/schema.org","@graph":[{"@type":"WebPage","@id":"https:\/\/devea-environnement.com\/de\/unsere-taetigkeitsbereiche-fuer-ihren-dsva\/vod-fuer-krankenhaeuser-kliniken-und-seniorenheime\/","url":"https:\/\/devea-environnement.com\/de\/unsere-taetigkeitsbereiche-fuer-ihren-dsva\/vod-fuer-krankenhaeuser-kliniken-und-seniorenheime\/","name":"Vernebelungsbasierte Oberfl\u00e4chendesinfektion (VOD) in Krankenh\u00e4usern VOD | Devea","isPartOf":{"@id":"https:\/\/devea-environnement.com\/#website"},"datePublished":"2023-02-24T10:15:48+00:00","dateModified":"2026-02-19T11:33:27+00:00","description":"Entdecken Sie unser VOD-Angebot zur Vernebelungsbasierte Oberfl\u00e4chendesinfektion (VOD) durch Vernebelung in Krankenh\u00e4usern, Kliniken und Seniorenheimen. Experte f\u00fcr biologische Dekontamination.","breadcrumb":{"@id":"https:\/\/devea-environnement.com\/de\/unsere-taetigkeitsbereiche-fuer-ihren-dsva\/vod-fuer-krankenhaeuser-kliniken-und-seniorenheime\/#breadcrumb"},"inLanguage":"de","potentialAction":[{"@type":"ReadAction","target":["https:\/\/devea-environnement.com\/de\/unsere-taetigkeitsbereiche-fuer-ihren-dsva\/vod-fuer-krankenhaeuser-kliniken-und-seniorenheime\/"]}]},{"@type":"BreadcrumbList","@id":"https:\/\/devea-environnement.com\/de\/unsere-taetigkeitsbereiche-fuer-ihren-dsva\/vod-fuer-krankenhaeuser-kliniken-und-seniorenheime\/#breadcrumb","itemListElement":[{"@type":"ListItem","position":1,"name":"Startseite","item":"https:\/\/devea-environnement.com\/de\/"},{"@type":"ListItem","position":2,"name":"Unsere T\u00e4tigkeitsbereiche f\u00fcr Ihren VOD","item":"https:\/\/devea-environnement.com\/de\/unsere-taetigkeitsbereiche-fuer-ihren-dsva\/"},{"@type":"ListItem","position":3,"name":"VOD f\u00fcr Krankenh\u00e4user, Kliniken und Seniorenheime"}]},{"@type":"WebSite","@id":"https:\/\/devea-environnement.com\/#website","url":"https:\/\/devea-environnement.com\/","name":"Devea","description":"Votre expert scientifique fran\u00e7ais","potentialAction":[{"@type":"SearchAction","target":{"@type":"EntryPoint","urlTemplate":"https:\/\/devea-environnement.com\/?s={search_term_string}"},"query-input":{"@type":"PropertyValueSpecification","valueRequired":true,"valueName":"search_term_string"}}],"inLanguage":"de"}]}},"_links":{"self":[{"href":"https:\/\/devea-environnement.com\/de\/wp-json\/wp\/v2\/pages\/4676","targetHints":{"allow":["GET"]}}],"collection":[{"href":"https:\/\/devea-environnement.com\/de\/wp-json\/wp\/v2\/pages"}],"about":[{"href":"https:\/\/devea-environnement.com\/de\/wp-json\/wp\/v2\/types\/page"}],"author":[{"embeddable":true,"href":"https:\/\/devea-environnement.com\/de\/wp-json\/wp\/v2\/users\/1"}],"replies":[{"embeddable":true,"href":"https:\/\/devea-environnement.com\/de\/wp-json\/wp\/v2\/comments?post=4676"}],"version-history":[{"count":0,"href":"https:\/\/devea-environnement.com\/de\/wp-json\/wp\/v2\/pages\/4676\/revisions"}],"up":[{"embeddable":true,"href":"https:\/\/devea-environnement.com\/de\/wp-json\/wp\/v2\/pages\/4670"}],"wp:attachment":[{"href":"https:\/\/devea-environnement.com\/de\/wp-json\/wp\/v2\/media?parent=4676"}],"curies":[{"name":"wp","href":"https:\/\/api.w.org\/{rel}","templated":true}]}}