{"id":4681,"date":"2023-02-24T11:17:37","date_gmt":"2023-02-24T10:17:37","guid":{"rendered":"https:\/\/devea-environnement.com\/nos-ressources-techniques\/la-desinfection-pas-a-pas\/"},"modified":"2026-02-19T12:53:33","modified_gmt":"2026-02-19T11:53:33","slug":"vod-desinfektion-schritt-fuer-schritt","status":"publish","type":"page","link":"https:\/\/devea-environnement.com\/de\/unsere-technischen-ressourcen-dsva\/vod-desinfektion-schritt-fuer-schritt\/","title":{"rendered":"VOD-Desinfektion \u2013 Schritt f\u00fcr Schritt"},"content":{"rendered":"","protected":false},"excerpt":{"rendered":"","protected":false},"author":1,"featured_media":0,"parent":4678,"menu_order":52,"comment_status":"closed","ping_status":"closed","template":"","meta":{"_acf_changed":false,"footnotes":""},"class_list":["post-4681","page","type-page","status-publish","hentry"],"acf":[],"yoast_head":"<!-- This site is optimized with the Yoast SEO plugin v27.5 - https:\/\/yoast.com\/product\/yoast-seo-wordpress\/ -->\n<title>Desinfektion von Oberfl\u00e4chen, VOD Schritt f\u00fcr Schritt<\/title>\n<meta name=\"description\" content=\"Entdecken Sie die wichtigsten Schritte eines Desinfektionsverfahrens f\u00fcr Oberfl\u00e4chen aus der Luft VOD Schritt f\u00fcr Schritt vom Experten Devea.\" \/>\n<meta name=\"robots\" content=\"index, follow, max-snippet:-1, max-image-preview:large, max-video-preview:-1\" \/>\n<link rel=\"canonical\" href=\"https:\/\/devea-environnement.com\/de\/unsere-technischen-ressourcen-dsva\/vod-desinfektion-schritt-fuer-schritt\/\" \/>\n<meta property=\"og:locale\" content=\"de_DE\" \/>\n<meta property=\"og:type\" content=\"article\" \/>\n<meta property=\"og:title\" content=\"Desinfektion von Oberfl\u00e4chen, VOD Schritt f\u00fcr Schritt\" \/>\n<meta property=\"og:description\" content=\"Entdecken Sie die wichtigsten Schritte eines Desinfektionsverfahrens f\u00fcr Oberfl\u00e4chen aus der Luft VOD Schritt f\u00fcr Schritt vom Experten Devea.\" \/>\n<meta property=\"og:url\" content=\"https:\/\/devea-environnement.com\/de\/unsere-technischen-ressourcen-dsva\/vod-desinfektion-schritt-fuer-schritt\/\" \/>\n<meta property=\"og:site_name\" content=\"Devea\" \/>\n<meta property=\"article:modified_time\" content=\"2026-02-19T11:53:33+00:00\" \/>\n<meta name=\"twitter:card\" content=\"summary_large_image\" \/>\n<meta name=\"twitter:label1\" content=\"Gesch\u00e4tzte Lesezeit\" \/>\n\t<meta name=\"twitter:data1\" content=\"2\u00a0Minuten\" \/>\n<script type=\"application\/ld+json\" class=\"yoast-schema-graph\">{\"@context\":\"https:\\\/\\\/schema.org\",\"@graph\":[{\"@type\":\"WebPage\",\"@id\":\"https:\\\/\\\/devea-environnement.com\\\/de\\\/unsere-technischen-ressourcen-dsva\\\/vod-desinfektion-schritt-fuer-schritt\\\/\",\"url\":\"https:\\\/\\\/devea-environnement.com\\\/de\\\/unsere-technischen-ressourcen-dsva\\\/vod-desinfektion-schritt-fuer-schritt\\\/\",\"name\":\"Desinfektion von Oberfl\u00e4chen, VOD Schritt f\u00fcr Schritt\",\"isPartOf\":{\"@id\":\"https:\\\/\\\/devea-environnement.com\\\/#website\"},\"datePublished\":\"2023-02-24T10:17:37+00:00\",\"dateModified\":\"2026-02-19T11:53:33+00:00\",\"description\":\"Entdecken Sie die wichtigsten Schritte eines Desinfektionsverfahrens f\u00fcr Oberfl\u00e4chen aus der Luft VOD Schritt f\u00fcr Schritt vom Experten Devea.\",\"breadcrumb\":{\"@id\":\"https:\\\/\\\/devea-environnement.com\\\/de\\\/unsere-technischen-ressourcen-dsva\\\/vod-desinfektion-schritt-fuer-schritt\\\/#breadcrumb\"},\"inLanguage\":\"de\",\"potentialAction\":[{\"@type\":\"ReadAction\",\"target\":[\"https:\\\/\\\/devea-environnement.com\\\/de\\\/unsere-technischen-ressourcen-dsva\\\/vod-desinfektion-schritt-fuer-schritt\\\/\"]}]},{\"@type\":\"BreadcrumbList\",\"@id\":\"https:\\\/\\\/devea-environnement.com\\\/de\\\/unsere-technischen-ressourcen-dsva\\\/vod-desinfektion-schritt-fuer-schritt\\\/#breadcrumb\",\"itemListElement\":[{\"@type\":\"ListItem\",\"position\":1,\"name\":\"Startseite\",\"item\":\"https:\\\/\\\/devea-environnement.com\\\/de\\\/\"},{\"@type\":\"ListItem\",\"position\":2,\"name\":\"Unsere technischen Ressourcen VOD\",\"item\":\"https:\\\/\\\/devea-environnement.com\\\/de\\\/unsere-technischen-ressourcen-dsva\\\/\"},{\"@type\":\"ListItem\",\"position\":3,\"name\":\"VOD-Desinfektion \u2013 Schritt f\u00fcr Schritt\"}]},{\"@type\":\"WebSite\",\"@id\":\"https:\\\/\\\/devea-environnement.com\\\/#website\",\"url\":\"https:\\\/\\\/devea-environnement.com\\\/\",\"name\":\"Devea\",\"description\":\"Votre expert scientifique fran\u00e7ais\",\"potentialAction\":[{\"@type\":\"SearchAction\",\"target\":{\"@type\":\"EntryPoint\",\"urlTemplate\":\"https:\\\/\\\/devea-environnement.com\\\/?s={search_term_string}\"},\"query-input\":{\"@type\":\"PropertyValueSpecification\",\"valueRequired\":true,\"valueName\":\"search_term_string\"}}],\"inLanguage\":\"de\"}]}<\/script>\n<!-- \/ Yoast SEO plugin. -->","yoast_head_json":{"title":"Desinfektion von Oberfl\u00e4chen, VOD Schritt f\u00fcr Schritt","description":"Entdecken Sie die wichtigsten Schritte eines Desinfektionsverfahrens f\u00fcr Oberfl\u00e4chen aus der Luft VOD Schritt f\u00fcr Schritt vom Experten Devea.","robots":{"index":"index","follow":"follow","max-snippet":"max-snippet:-1","max-image-preview":"max-image-preview:large","max-video-preview":"max-video-preview:-1"},"canonical":"https:\/\/devea-environnement.com\/de\/unsere-technischen-ressourcen-dsva\/vod-desinfektion-schritt-fuer-schritt\/","og_locale":"de_DE","og_type":"article","og_title":"Desinfektion von Oberfl\u00e4chen, VOD Schritt f\u00fcr Schritt","og_description":"Entdecken Sie die wichtigsten Schritte eines Desinfektionsverfahrens f\u00fcr Oberfl\u00e4chen aus der Luft VOD Schritt f\u00fcr Schritt vom Experten Devea.","og_url":"https:\/\/devea-environnement.com\/de\/unsere-technischen-ressourcen-dsva\/vod-desinfektion-schritt-fuer-schritt\/","og_site_name":"Devea","article_modified_time":"2026-02-19T11:53:33+00:00","twitter_card":"summary_large_image","twitter_misc":{"Gesch\u00e4tzte Lesezeit":"2\u00a0Minuten"},"schema":{"@context":"https:\/\/schema.org","@graph":[{"@type":"WebPage","@id":"https:\/\/devea-environnement.com\/de\/unsere-technischen-ressourcen-dsva\/vod-desinfektion-schritt-fuer-schritt\/","url":"https:\/\/devea-environnement.com\/de\/unsere-technischen-ressourcen-dsva\/vod-desinfektion-schritt-fuer-schritt\/","name":"Desinfektion von Oberfl\u00e4chen, VOD Schritt f\u00fcr Schritt","isPartOf":{"@id":"https:\/\/devea-environnement.com\/#website"},"datePublished":"2023-02-24T10:17:37+00:00","dateModified":"2026-02-19T11:53:33+00:00","description":"Entdecken Sie die wichtigsten Schritte eines Desinfektionsverfahrens f\u00fcr Oberfl\u00e4chen aus der Luft VOD Schritt f\u00fcr Schritt vom Experten Devea.","breadcrumb":{"@id":"https:\/\/devea-environnement.com\/de\/unsere-technischen-ressourcen-dsva\/vod-desinfektion-schritt-fuer-schritt\/#breadcrumb"},"inLanguage":"de","potentialAction":[{"@type":"ReadAction","target":["https:\/\/devea-environnement.com\/de\/unsere-technischen-ressourcen-dsva\/vod-desinfektion-schritt-fuer-schritt\/"]}]},{"@type":"BreadcrumbList","@id":"https:\/\/devea-environnement.com\/de\/unsere-technischen-ressourcen-dsva\/vod-desinfektion-schritt-fuer-schritt\/#breadcrumb","itemListElement":[{"@type":"ListItem","position":1,"name":"Startseite","item":"https:\/\/devea-environnement.com\/de\/"},{"@type":"ListItem","position":2,"name":"Unsere technischen Ressourcen VOD","item":"https:\/\/devea-environnement.com\/de\/unsere-technischen-ressourcen-dsva\/"},{"@type":"ListItem","position":3,"name":"VOD-Desinfektion \u2013 Schritt f\u00fcr Schritt"}]},{"@type":"WebSite","@id":"https:\/\/devea-environnement.com\/#website","url":"https:\/\/devea-environnement.com\/","name":"Devea","description":"Votre expert scientifique fran\u00e7ais","potentialAction":[{"@type":"SearchAction","target":{"@type":"EntryPoint","urlTemplate":"https:\/\/devea-environnement.com\/?s={search_term_string}"},"query-input":{"@type":"PropertyValueSpecification","valueRequired":true,"valueName":"search_term_string"}}],"inLanguage":"de"}]}},"_links":{"self":[{"href":"https:\/\/devea-environnement.com\/de\/wp-json\/wp\/v2\/pages\/4681","targetHints":{"allow":["GET"]}}],"collection":[{"href":"https:\/\/devea-environnement.com\/de\/wp-json\/wp\/v2\/pages"}],"about":[{"href":"https:\/\/devea-environnement.com\/de\/wp-json\/wp\/v2\/types\/page"}],"author":[{"embeddable":true,"href":"https:\/\/devea-environnement.com\/de\/wp-json\/wp\/v2\/users\/1"}],"replies":[{"embeddable":true,"href":"https:\/\/devea-environnement.com\/de\/wp-json\/wp\/v2\/comments?post=4681"}],"version-history":[{"count":0,"href":"https:\/\/devea-environnement.com\/de\/wp-json\/wp\/v2\/pages\/4681\/revisions"}],"up":[{"embeddable":true,"href":"https:\/\/devea-environnement.com\/de\/wp-json\/wp\/v2\/pages\/4678"}],"wp:attachment":[{"href":"https:\/\/devea-environnement.com\/de\/wp-json\/wp\/v2\/media?parent=4681"}],"curies":[{"name":"wp","href":"https:\/\/api.w.org\/{rel}","templated":true}]}}