{"id":4687,"date":"2023-02-24T11:06:06","date_gmt":"2023-02-24T10:06:06","guid":{"rendered":"https:\/\/devea-environnement.com\/nos-services\/"},"modified":"2026-02-19T12:24:25","modified_gmt":"2026-02-19T11:24:25","slug":"unsere-dsva-dienstleistungen","status":"publish","type":"page","link":"https:\/\/devea-environnement.com\/de\/unsere-dsva-dienstleistungen\/","title":{"rendered":"Unsere VOD-Dienstleistungen"},"content":{"rendered":"","protected":false},"excerpt":{"rendered":"","protected":false},"author":1,"featured_media":0,"parent":0,"menu_order":64,"comment_status":"closed","ping_status":"closed","template":"","meta":{"_acf_changed":false,"footnotes":""},"class_list":["post-4687","page","type-page","status-publish","hentry"],"acf":[],"yoast_head":"<!-- This site is optimized with the Yoast SEO plugin v27.5 - https:\/\/yoast.com\/product\/yoast-seo-wordpress\/ -->\n<title>VOD: Ma\u00dfgeschneiderte L\u00f6sungen f\u00fcr die biologische Dekontamination<\/title>\n<meta name=\"description\" content=\"Entdecken Sie unsere Dienstleistungen f\u00fcr die Verwaltung Ihrer VOD. Der Experte Devea bietet Ihnen die Vernebelungsbasierte Oberfl\u00e4chendesinfektion\" \/>\n<meta name=\"robots\" content=\"index, follow, max-snippet:-1, max-image-preview:large, max-video-preview:-1\" \/>\n<link rel=\"canonical\" href=\"https:\/\/devea-environnement.com\/de\/unsere-dsva-dienstleistungen\/\" \/>\n<meta property=\"og:locale\" content=\"de_DE\" \/>\n<meta property=\"og:type\" content=\"article\" \/>\n<meta property=\"og:title\" content=\"VOD: Ma\u00dfgeschneiderte L\u00f6sungen f\u00fcr die biologische Dekontamination\" \/>\n<meta property=\"og:description\" content=\"Entdecken Sie unsere Dienstleistungen f\u00fcr die Verwaltung Ihrer VOD. Der Experte Devea bietet Ihnen die Vernebelungsbasierte Oberfl\u00e4chendesinfektion\" \/>\n<meta property=\"og:url\" content=\"https:\/\/devea-environnement.com\/de\/unsere-dsva-dienstleistungen\/\" \/>\n<meta property=\"og:site_name\" content=\"Devea\" \/>\n<meta property=\"article:modified_time\" content=\"2026-02-19T11:24:25+00:00\" \/>\n<meta name=\"twitter:card\" content=\"summary_large_image\" \/>\n<meta name=\"twitter:label1\" content=\"Gesch\u00e4tzte Lesezeit\" \/>\n\t<meta name=\"twitter:data1\" content=\"3\u00a0Minuten\" \/>\n<script type=\"application\/ld+json\" class=\"yoast-schema-graph\">{\"@context\":\"https:\\\/\\\/schema.org\",\"@graph\":[{\"@type\":\"WebPage\",\"@id\":\"https:\\\/\\\/devea-environnement.com\\\/de\\\/unsere-dsva-dienstleistungen\\\/\",\"url\":\"https:\\\/\\\/devea-environnement.com\\\/de\\\/unsere-dsva-dienstleistungen\\\/\",\"name\":\"VOD: Ma\u00dfgeschneiderte L\u00f6sungen f\u00fcr die biologische Dekontamination\",\"isPartOf\":{\"@id\":\"https:\\\/\\\/devea-environnement.com\\\/#website\"},\"datePublished\":\"2023-02-24T10:06:06+00:00\",\"dateModified\":\"2026-02-19T11:24:25+00:00\",\"description\":\"Entdecken Sie unsere Dienstleistungen f\u00fcr die Verwaltung Ihrer VOD. Der Experte Devea bietet Ihnen die Vernebelungsbasierte Oberfl\u00e4chendesinfektion\",\"breadcrumb\":{\"@id\":\"https:\\\/\\\/devea-environnement.com\\\/de\\\/unsere-dsva-dienstleistungen\\\/#breadcrumb\"},\"inLanguage\":\"de\",\"potentialAction\":[{\"@type\":\"ReadAction\",\"target\":[\"https:\\\/\\\/devea-environnement.com\\\/de\\\/unsere-dsva-dienstleistungen\\\/\"]}]},{\"@type\":\"BreadcrumbList\",\"@id\":\"https:\\\/\\\/devea-environnement.com\\\/de\\\/unsere-dsva-dienstleistungen\\\/#breadcrumb\",\"itemListElement\":[{\"@type\":\"ListItem\",\"position\":1,\"name\":\"Startseite\",\"item\":\"https:\\\/\\\/devea-environnement.com\\\/de\\\/\"},{\"@type\":\"ListItem\",\"position\":2,\"name\":\"Unsere VOD-Dienstleistungen\"}]},{\"@type\":\"WebSite\",\"@id\":\"https:\\\/\\\/devea-environnement.com\\\/#website\",\"url\":\"https:\\\/\\\/devea-environnement.com\\\/\",\"name\":\"Devea\",\"description\":\"Votre expert scientifique fran\u00e7ais\",\"potentialAction\":[{\"@type\":\"SearchAction\",\"target\":{\"@type\":\"EntryPoint\",\"urlTemplate\":\"https:\\\/\\\/devea-environnement.com\\\/?s={search_term_string}\"},\"query-input\":{\"@type\":\"PropertyValueSpecification\",\"valueRequired\":true,\"valueName\":\"search_term_string\"}}],\"inLanguage\":\"de\"}]}<\/script>\n<!-- \/ Yoast SEO plugin. -->","yoast_head_json":{"title":"VOD: Ma\u00dfgeschneiderte L\u00f6sungen f\u00fcr die biologische Dekontamination","description":"Entdecken Sie unsere Dienstleistungen f\u00fcr die Verwaltung Ihrer VOD. Der Experte Devea bietet Ihnen die Vernebelungsbasierte Oberfl\u00e4chendesinfektion","robots":{"index":"index","follow":"follow","max-snippet":"max-snippet:-1","max-image-preview":"max-image-preview:large","max-video-preview":"max-video-preview:-1"},"canonical":"https:\/\/devea-environnement.com\/de\/unsere-dsva-dienstleistungen\/","og_locale":"de_DE","og_type":"article","og_title":"VOD: Ma\u00dfgeschneiderte L\u00f6sungen f\u00fcr die biologische Dekontamination","og_description":"Entdecken Sie unsere Dienstleistungen f\u00fcr die Verwaltung Ihrer VOD. Der Experte Devea bietet Ihnen die Vernebelungsbasierte Oberfl\u00e4chendesinfektion","og_url":"https:\/\/devea-environnement.com\/de\/unsere-dsva-dienstleistungen\/","og_site_name":"Devea","article_modified_time":"2026-02-19T11:24:25+00:00","twitter_card":"summary_large_image","twitter_misc":{"Gesch\u00e4tzte Lesezeit":"3\u00a0Minuten"},"schema":{"@context":"https:\/\/schema.org","@graph":[{"@type":"WebPage","@id":"https:\/\/devea-environnement.com\/de\/unsere-dsva-dienstleistungen\/","url":"https:\/\/devea-environnement.com\/de\/unsere-dsva-dienstleistungen\/","name":"VOD: Ma\u00dfgeschneiderte L\u00f6sungen f\u00fcr die biologische Dekontamination","isPartOf":{"@id":"https:\/\/devea-environnement.com\/#website"},"datePublished":"2023-02-24T10:06:06+00:00","dateModified":"2026-02-19T11:24:25+00:00","description":"Entdecken Sie unsere Dienstleistungen f\u00fcr die Verwaltung Ihrer VOD. Der Experte Devea bietet Ihnen die Vernebelungsbasierte Oberfl\u00e4chendesinfektion","breadcrumb":{"@id":"https:\/\/devea-environnement.com\/de\/unsere-dsva-dienstleistungen\/#breadcrumb"},"inLanguage":"de","potentialAction":[{"@type":"ReadAction","target":["https:\/\/devea-environnement.com\/de\/unsere-dsva-dienstleistungen\/"]}]},{"@type":"BreadcrumbList","@id":"https:\/\/devea-environnement.com\/de\/unsere-dsva-dienstleistungen\/#breadcrumb","itemListElement":[{"@type":"ListItem","position":1,"name":"Startseite","item":"https:\/\/devea-environnement.com\/de\/"},{"@type":"ListItem","position":2,"name":"Unsere VOD-Dienstleistungen"}]},{"@type":"WebSite","@id":"https:\/\/devea-environnement.com\/#website","url":"https:\/\/devea-environnement.com\/","name":"Devea","description":"Votre expert scientifique fran\u00e7ais","potentialAction":[{"@type":"SearchAction","target":{"@type":"EntryPoint","urlTemplate":"https:\/\/devea-environnement.com\/?s={search_term_string}"},"query-input":{"@type":"PropertyValueSpecification","valueRequired":true,"valueName":"search_term_string"}}],"inLanguage":"de"}]}},"_links":{"self":[{"href":"https:\/\/devea-environnement.com\/de\/wp-json\/wp\/v2\/pages\/4687","targetHints":{"allow":["GET"]}}],"collection":[{"href":"https:\/\/devea-environnement.com\/de\/wp-json\/wp\/v2\/pages"}],"about":[{"href":"https:\/\/devea-environnement.com\/de\/wp-json\/wp\/v2\/types\/page"}],"author":[{"embeddable":true,"href":"https:\/\/devea-environnement.com\/de\/wp-json\/wp\/v2\/users\/1"}],"replies":[{"embeddable":true,"href":"https:\/\/devea-environnement.com\/de\/wp-json\/wp\/v2\/comments?post=4687"}],"version-history":[{"count":0,"href":"https:\/\/devea-environnement.com\/de\/wp-json\/wp\/v2\/pages\/4687\/revisions"}],"wp:attachment":[{"href":"https:\/\/devea-environnement.com\/de\/wp-json\/wp\/v2\/media?parent=4687"}],"curies":[{"name":"wp","href":"https:\/\/api.w.org\/{rel}","templated":true}]}}