{"id":4690,"date":"2023-02-24T11:10:55","date_gmt":"2023-02-24T10:10:55","guid":{"rendered":"https:\/\/devea-environnement.com\/nos-services\/qualifications-et-projets-personnalises\/"},"modified":"2026-02-28T16:15:50","modified_gmt":"2026-02-28T15:15:50","slug":"vod-qualifikationen-und-massgeschneiderte-projekte","status":"publish","type":"page","link":"https:\/\/devea-environnement.com\/de\/unsere-dsva-dienstleistungen\/vod-qualifikationen-und-massgeschneiderte-projekte\/","title":{"rendered":"VOD-Qualifikationen und massgeschneiderte Projekte"},"content":{"rendered":"","protected":false},"excerpt":{"rendered":"","protected":false},"author":1,"featured_media":0,"parent":4687,"menu_order":70,"comment_status":"closed","ping_status":"closed","template":"","meta":{"_acf_changed":false,"footnotes":""},"class_list":["post-4690","page","type-page","status-publish","hentry"],"acf":[],"yoast_head":"<!-- This site is optimized with the Yoast SEO plugin v27.5 - https:\/\/yoast.com\/product\/yoast-seo-wordpress\/ -->\n<title>VOD: Qualifikationen, Projekte, Audit, Validierung | Devea<\/title>\n<meta name=\"description\" content=\"Ben\u00f6tigen Sie Qualifizierung oder Unterst\u00fctzung f\u00fcr ein Projekt im Zusammenhang mit der VOD? Vertrauen Sie Devea f\u00fcr Ihre Bio-Dekontaminationsbehandlungen.\" \/>\n<meta name=\"robots\" content=\"index, follow, max-snippet:-1, max-image-preview:large, max-video-preview:-1\" \/>\n<link rel=\"canonical\" href=\"https:\/\/devea-environnement.com\/de\/unsere-dsva-dienstleistungen\/vod-qualifikationen-und-massgeschneiderte-projekte\/\" \/>\n<meta property=\"og:locale\" content=\"de_DE\" \/>\n<meta property=\"og:type\" content=\"article\" \/>\n<meta property=\"og:title\" content=\"VOD: Qualifikationen, Projekte, Audit, Validierung | Devea\" \/>\n<meta property=\"og:description\" content=\"Ben\u00f6tigen Sie Qualifizierung oder Unterst\u00fctzung f\u00fcr ein Projekt im Zusammenhang mit der VOD? Vertrauen Sie Devea f\u00fcr Ihre Bio-Dekontaminationsbehandlungen.\" \/>\n<meta property=\"og:url\" content=\"https:\/\/devea-environnement.com\/de\/unsere-dsva-dienstleistungen\/vod-qualifikationen-und-massgeschneiderte-projekte\/\" \/>\n<meta property=\"og:site_name\" content=\"Devea\" \/>\n<meta property=\"article:modified_time\" content=\"2026-02-28T15:15:50+00:00\" \/>\n<meta name=\"twitter:card\" content=\"summary_large_image\" \/>\n<meta name=\"twitter:label1\" content=\"Gesch\u00e4tzte Lesezeit\" \/>\n\t<meta name=\"twitter:data1\" content=\"2\u00a0Minuten\" \/>\n<script type=\"application\/ld+json\" class=\"yoast-schema-graph\">{\"@context\":\"https:\\\/\\\/schema.org\",\"@graph\":[{\"@type\":\"WebPage\",\"@id\":\"https:\\\/\\\/devea-environnement.com\\\/de\\\/unsere-dsva-dienstleistungen\\\/vod-qualifikationen-und-massgeschneiderte-projekte\\\/\",\"url\":\"https:\\\/\\\/devea-environnement.com\\\/de\\\/unsere-dsva-dienstleistungen\\\/vod-qualifikationen-und-massgeschneiderte-projekte\\\/\",\"name\":\"VOD: Qualifikationen, Projekte, Audit, Validierung | Devea\",\"isPartOf\":{\"@id\":\"https:\\\/\\\/devea-environnement.com\\\/#website\"},\"datePublished\":\"2023-02-24T10:10:55+00:00\",\"dateModified\":\"2026-02-28T15:15:50+00:00\",\"description\":\"Ben\u00f6tigen Sie Qualifizierung oder Unterst\u00fctzung f\u00fcr ein Projekt im Zusammenhang mit der VOD? Vertrauen Sie Devea f\u00fcr Ihre Bio-Dekontaminationsbehandlungen.\",\"breadcrumb\":{\"@id\":\"https:\\\/\\\/devea-environnement.com\\\/de\\\/unsere-dsva-dienstleistungen\\\/vod-qualifikationen-und-massgeschneiderte-projekte\\\/#breadcrumb\"},\"inLanguage\":\"de\",\"potentialAction\":[{\"@type\":\"ReadAction\",\"target\":[\"https:\\\/\\\/devea-environnement.com\\\/de\\\/unsere-dsva-dienstleistungen\\\/vod-qualifikationen-und-massgeschneiderte-projekte\\\/\"]}]},{\"@type\":\"BreadcrumbList\",\"@id\":\"https:\\\/\\\/devea-environnement.com\\\/de\\\/unsere-dsva-dienstleistungen\\\/vod-qualifikationen-und-massgeschneiderte-projekte\\\/#breadcrumb\",\"itemListElement\":[{\"@type\":\"ListItem\",\"position\":1,\"name\":\"Startseite\",\"item\":\"https:\\\/\\\/devea-environnement.com\\\/de\\\/\"},{\"@type\":\"ListItem\",\"position\":2,\"name\":\"Unsere VOD-Dienstleistungen\",\"item\":\"https:\\\/\\\/devea-environnement.com\\\/de\\\/unsere-dsva-dienstleistungen\\\/\"},{\"@type\":\"ListItem\",\"position\":3,\"name\":\"VOD-Qualifikationen und massgeschneiderte Projekte\"}]},{\"@type\":\"WebSite\",\"@id\":\"https:\\\/\\\/devea-environnement.com\\\/#website\",\"url\":\"https:\\\/\\\/devea-environnement.com\\\/\",\"name\":\"Devea\",\"description\":\"Votre expert scientifique fran\u00e7ais\",\"potentialAction\":[{\"@type\":\"SearchAction\",\"target\":{\"@type\":\"EntryPoint\",\"urlTemplate\":\"https:\\\/\\\/devea-environnement.com\\\/?s={search_term_string}\"},\"query-input\":{\"@type\":\"PropertyValueSpecification\",\"valueRequired\":true,\"valueName\":\"search_term_string\"}}],\"inLanguage\":\"de\"}]}<\/script>\n<!-- \/ Yoast SEO plugin. -->","yoast_head_json":{"title":"VOD: Qualifikationen, Projekte, Audit, Validierung | Devea","description":"Ben\u00f6tigen Sie Qualifizierung oder Unterst\u00fctzung f\u00fcr ein Projekt im Zusammenhang mit der VOD? Vertrauen Sie Devea f\u00fcr Ihre Bio-Dekontaminationsbehandlungen.","robots":{"index":"index","follow":"follow","max-snippet":"max-snippet:-1","max-image-preview":"max-image-preview:large","max-video-preview":"max-video-preview:-1"},"canonical":"https:\/\/devea-environnement.com\/de\/unsere-dsva-dienstleistungen\/vod-qualifikationen-und-massgeschneiderte-projekte\/","og_locale":"de_DE","og_type":"article","og_title":"VOD: Qualifikationen, Projekte, Audit, Validierung | Devea","og_description":"Ben\u00f6tigen Sie Qualifizierung oder Unterst\u00fctzung f\u00fcr ein Projekt im Zusammenhang mit der VOD? Vertrauen Sie Devea f\u00fcr Ihre Bio-Dekontaminationsbehandlungen.","og_url":"https:\/\/devea-environnement.com\/de\/unsere-dsva-dienstleistungen\/vod-qualifikationen-und-massgeschneiderte-projekte\/","og_site_name":"Devea","article_modified_time":"2026-02-28T15:15:50+00:00","twitter_card":"summary_large_image","twitter_misc":{"Gesch\u00e4tzte Lesezeit":"2\u00a0Minuten"},"schema":{"@context":"https:\/\/schema.org","@graph":[{"@type":"WebPage","@id":"https:\/\/devea-environnement.com\/de\/unsere-dsva-dienstleistungen\/vod-qualifikationen-und-massgeschneiderte-projekte\/","url":"https:\/\/devea-environnement.com\/de\/unsere-dsva-dienstleistungen\/vod-qualifikationen-und-massgeschneiderte-projekte\/","name":"VOD: Qualifikationen, Projekte, Audit, Validierung | Devea","isPartOf":{"@id":"https:\/\/devea-environnement.com\/#website"},"datePublished":"2023-02-24T10:10:55+00:00","dateModified":"2026-02-28T15:15:50+00:00","description":"Ben\u00f6tigen Sie Qualifizierung oder Unterst\u00fctzung f\u00fcr ein Projekt im Zusammenhang mit der VOD? Vertrauen Sie Devea f\u00fcr Ihre Bio-Dekontaminationsbehandlungen.","breadcrumb":{"@id":"https:\/\/devea-environnement.com\/de\/unsere-dsva-dienstleistungen\/vod-qualifikationen-und-massgeschneiderte-projekte\/#breadcrumb"},"inLanguage":"de","potentialAction":[{"@type":"ReadAction","target":["https:\/\/devea-environnement.com\/de\/unsere-dsva-dienstleistungen\/vod-qualifikationen-und-massgeschneiderte-projekte\/"]}]},{"@type":"BreadcrumbList","@id":"https:\/\/devea-environnement.com\/de\/unsere-dsva-dienstleistungen\/vod-qualifikationen-und-massgeschneiderte-projekte\/#breadcrumb","itemListElement":[{"@type":"ListItem","position":1,"name":"Startseite","item":"https:\/\/devea-environnement.com\/de\/"},{"@type":"ListItem","position":2,"name":"Unsere VOD-Dienstleistungen","item":"https:\/\/devea-environnement.com\/de\/unsere-dsva-dienstleistungen\/"},{"@type":"ListItem","position":3,"name":"VOD-Qualifikationen und massgeschneiderte Projekte"}]},{"@type":"WebSite","@id":"https:\/\/devea-environnement.com\/#website","url":"https:\/\/devea-environnement.com\/","name":"Devea","description":"Votre expert scientifique fran\u00e7ais","potentialAction":[{"@type":"SearchAction","target":{"@type":"EntryPoint","urlTemplate":"https:\/\/devea-environnement.com\/?s={search_term_string}"},"query-input":{"@type":"PropertyValueSpecification","valueRequired":true,"valueName":"search_term_string"}}],"inLanguage":"de"}]}},"_links":{"self":[{"href":"https:\/\/devea-environnement.com\/de\/wp-json\/wp\/v2\/pages\/4690","targetHints":{"allow":["GET"]}}],"collection":[{"href":"https:\/\/devea-environnement.com\/de\/wp-json\/wp\/v2\/pages"}],"about":[{"href":"https:\/\/devea-environnement.com\/de\/wp-json\/wp\/v2\/types\/page"}],"author":[{"embeddable":true,"href":"https:\/\/devea-environnement.com\/de\/wp-json\/wp\/v2\/users\/1"}],"replies":[{"embeddable":true,"href":"https:\/\/devea-environnement.com\/de\/wp-json\/wp\/v2\/comments?post=4690"}],"version-history":[{"count":0,"href":"https:\/\/devea-environnement.com\/de\/wp-json\/wp\/v2\/pages\/4690\/revisions"}],"up":[{"embeddable":true,"href":"https:\/\/devea-environnement.com\/de\/wp-json\/wp\/v2\/pages\/4687"}],"wp:attachment":[{"href":"https:\/\/devea-environnement.com\/de\/wp-json\/wp\/v2\/media?parent=4690"}],"curies":[{"name":"wp","href":"https:\/\/api.w.org\/{rel}","templated":true}]}}