{"id":4692,"date":"2023-02-24T11:11:12","date_gmt":"2023-02-24T10:11:12","guid":{"rendered":"https:\/\/devea-environnement.com\/nos-services\/maintenance-preventive-garantie-et-sav\/"},"modified":"2026-02-28T16:16:50","modified_gmt":"2026-02-28T15:16:50","slug":"praeventive-wartung-garantie-und-kundendienst-fuer-vod-geraete","status":"publish","type":"page","link":"https:\/\/devea-environnement.com\/de\/unsere-dsva-dienstleistungen\/praeventive-wartung-garantie-und-kundendienst-fuer-vod-geraete\/","title":{"rendered":"Pr\u00e4ventive Wartung, Garantie und Kundendienst f\u00fcr VOD-Ger\u00e4te"},"content":{"rendered":"","protected":false},"excerpt":{"rendered":"","protected":false},"author":1,"featured_media":0,"parent":4687,"menu_order":73,"comment_status":"closed","ping_status":"closed","template":"","meta":{"_acf_changed":false,"footnotes":""},"class_list":["post-4692","page","type-page","status-publish","hentry"],"acf":[],"yoast_head":"<!-- This site is optimized with the Yoast SEO plugin v27.5 - https:\/\/yoast.com\/product\/yoast-seo-wordpress\/ -->\n<title>Vorbeugende Wartung, Garantie und Kundendienst f\u00fcr VOD-Ger\u00e4te | Devea<\/title>\n<meta name=\"description\" content=\"Entdecken Sie unsere Wartungs-, Garantie- und Kundendienstl\u00f6sungen f\u00fcr VOD-Systeme, die auf Ihre Branche zugeschnitten sind. Experte f\u00fcr biologische Dekontamination \u00fcber die Luft.\" \/>\n<meta name=\"robots\" content=\"index, follow, max-snippet:-1, max-image-preview:large, max-video-preview:-1\" \/>\n<link rel=\"canonical\" href=\"https:\/\/devea-environnement.com\/de\/unsere-dsva-dienstleistungen\/praeventive-wartung-garantie-und-kundendienst-fuer-vod-geraete\/\" \/>\n<meta property=\"og:locale\" content=\"de_DE\" \/>\n<meta property=\"og:type\" content=\"article\" \/>\n<meta property=\"og:title\" content=\"Vorbeugende Wartung, Garantie und Kundendienst f\u00fcr VOD-Ger\u00e4te | Devea\" \/>\n<meta property=\"og:description\" content=\"Entdecken Sie unsere Wartungs-, Garantie- und Kundendienstl\u00f6sungen f\u00fcr VOD-Systeme, die auf Ihre Branche zugeschnitten sind. Experte f\u00fcr biologische Dekontamination \u00fcber die Luft.\" \/>\n<meta property=\"og:url\" content=\"https:\/\/devea-environnement.com\/de\/unsere-dsva-dienstleistungen\/praeventive-wartung-garantie-und-kundendienst-fuer-vod-geraete\/\" \/>\n<meta property=\"og:site_name\" content=\"Devea\" \/>\n<meta property=\"article:modified_time\" content=\"2026-02-28T15:16:50+00:00\" \/>\n<meta name=\"twitter:card\" content=\"summary_large_image\" \/>\n<meta name=\"twitter:label1\" content=\"Gesch\u00e4tzte Lesezeit\" \/>\n\t<meta name=\"twitter:data1\" content=\"2\u00a0Minuten\" \/>\n<script type=\"application\/ld+json\" class=\"yoast-schema-graph\">{\"@context\":\"https:\\\/\\\/schema.org\",\"@graph\":[{\"@type\":\"WebPage\",\"@id\":\"https:\\\/\\\/devea-environnement.com\\\/de\\\/unsere-dsva-dienstleistungen\\\/praeventive-wartung-garantie-und-kundendienst-fuer-vod-geraete\\\/\",\"url\":\"https:\\\/\\\/devea-environnement.com\\\/de\\\/unsere-dsva-dienstleistungen\\\/praeventive-wartung-garantie-und-kundendienst-fuer-vod-geraete\\\/\",\"name\":\"Vorbeugende Wartung, Garantie und Kundendienst f\u00fcr VOD-Ger\u00e4te | Devea\",\"isPartOf\":{\"@id\":\"https:\\\/\\\/devea-environnement.com\\\/#website\"},\"datePublished\":\"2023-02-24T10:11:12+00:00\",\"dateModified\":\"2026-02-28T15:16:50+00:00\",\"description\":\"Entdecken Sie unsere Wartungs-, Garantie- und Kundendienstl\u00f6sungen f\u00fcr VOD-Systeme, die auf Ihre Branche zugeschnitten sind. Experte f\u00fcr biologische Dekontamination \u00fcber die Luft.\",\"breadcrumb\":{\"@id\":\"https:\\\/\\\/devea-environnement.com\\\/de\\\/unsere-dsva-dienstleistungen\\\/praeventive-wartung-garantie-und-kundendienst-fuer-vod-geraete\\\/#breadcrumb\"},\"inLanguage\":\"de\",\"potentialAction\":[{\"@type\":\"ReadAction\",\"target\":[\"https:\\\/\\\/devea-environnement.com\\\/de\\\/unsere-dsva-dienstleistungen\\\/praeventive-wartung-garantie-und-kundendienst-fuer-vod-geraete\\\/\"]}]},{\"@type\":\"BreadcrumbList\",\"@id\":\"https:\\\/\\\/devea-environnement.com\\\/de\\\/unsere-dsva-dienstleistungen\\\/praeventive-wartung-garantie-und-kundendienst-fuer-vod-geraete\\\/#breadcrumb\",\"itemListElement\":[{\"@type\":\"ListItem\",\"position\":1,\"name\":\"Startseite\",\"item\":\"https:\\\/\\\/devea-environnement.com\\\/de\\\/\"},{\"@type\":\"ListItem\",\"position\":2,\"name\":\"Unsere VOD-Dienstleistungen\",\"item\":\"https:\\\/\\\/devea-environnement.com\\\/de\\\/unsere-dsva-dienstleistungen\\\/\"},{\"@type\":\"ListItem\",\"position\":3,\"name\":\"Pr\u00e4ventive Wartung, Garantie und Kundendienst f\u00fcr VOD-Ger\u00e4te\"}]},{\"@type\":\"WebSite\",\"@id\":\"https:\\\/\\\/devea-environnement.com\\\/#website\",\"url\":\"https:\\\/\\\/devea-environnement.com\\\/\",\"name\":\"Devea\",\"description\":\"Votre expert scientifique fran\u00e7ais\",\"potentialAction\":[{\"@type\":\"SearchAction\",\"target\":{\"@type\":\"EntryPoint\",\"urlTemplate\":\"https:\\\/\\\/devea-environnement.com\\\/?s={search_term_string}\"},\"query-input\":{\"@type\":\"PropertyValueSpecification\",\"valueRequired\":true,\"valueName\":\"search_term_string\"}}],\"inLanguage\":\"de\"}]}<\/script>\n<!-- \/ Yoast SEO plugin. -->","yoast_head_json":{"title":"Vorbeugende Wartung, Garantie und Kundendienst f\u00fcr VOD-Ger\u00e4te | Devea","description":"Entdecken Sie unsere Wartungs-, Garantie- und Kundendienstl\u00f6sungen f\u00fcr VOD-Systeme, die auf Ihre Branche zugeschnitten sind. Experte f\u00fcr biologische Dekontamination \u00fcber die Luft.","robots":{"index":"index","follow":"follow","max-snippet":"max-snippet:-1","max-image-preview":"max-image-preview:large","max-video-preview":"max-video-preview:-1"},"canonical":"https:\/\/devea-environnement.com\/de\/unsere-dsva-dienstleistungen\/praeventive-wartung-garantie-und-kundendienst-fuer-vod-geraete\/","og_locale":"de_DE","og_type":"article","og_title":"Vorbeugende Wartung, Garantie und Kundendienst f\u00fcr VOD-Ger\u00e4te | Devea","og_description":"Entdecken Sie unsere Wartungs-, Garantie- und Kundendienstl\u00f6sungen f\u00fcr VOD-Systeme, die auf Ihre Branche zugeschnitten sind. Experte f\u00fcr biologische Dekontamination \u00fcber die Luft.","og_url":"https:\/\/devea-environnement.com\/de\/unsere-dsva-dienstleistungen\/praeventive-wartung-garantie-und-kundendienst-fuer-vod-geraete\/","og_site_name":"Devea","article_modified_time":"2026-02-28T15:16:50+00:00","twitter_card":"summary_large_image","twitter_misc":{"Gesch\u00e4tzte Lesezeit":"2\u00a0Minuten"},"schema":{"@context":"https:\/\/schema.org","@graph":[{"@type":"WebPage","@id":"https:\/\/devea-environnement.com\/de\/unsere-dsva-dienstleistungen\/praeventive-wartung-garantie-und-kundendienst-fuer-vod-geraete\/","url":"https:\/\/devea-environnement.com\/de\/unsere-dsva-dienstleistungen\/praeventive-wartung-garantie-und-kundendienst-fuer-vod-geraete\/","name":"Vorbeugende Wartung, Garantie und Kundendienst f\u00fcr VOD-Ger\u00e4te | Devea","isPartOf":{"@id":"https:\/\/devea-environnement.com\/#website"},"datePublished":"2023-02-24T10:11:12+00:00","dateModified":"2026-02-28T15:16:50+00:00","description":"Entdecken Sie unsere Wartungs-, Garantie- und Kundendienstl\u00f6sungen f\u00fcr VOD-Systeme, die auf Ihre Branche zugeschnitten sind. Experte f\u00fcr biologische Dekontamination \u00fcber die Luft.","breadcrumb":{"@id":"https:\/\/devea-environnement.com\/de\/unsere-dsva-dienstleistungen\/praeventive-wartung-garantie-und-kundendienst-fuer-vod-geraete\/#breadcrumb"},"inLanguage":"de","potentialAction":[{"@type":"ReadAction","target":["https:\/\/devea-environnement.com\/de\/unsere-dsva-dienstleistungen\/praeventive-wartung-garantie-und-kundendienst-fuer-vod-geraete\/"]}]},{"@type":"BreadcrumbList","@id":"https:\/\/devea-environnement.com\/de\/unsere-dsva-dienstleistungen\/praeventive-wartung-garantie-und-kundendienst-fuer-vod-geraete\/#breadcrumb","itemListElement":[{"@type":"ListItem","position":1,"name":"Startseite","item":"https:\/\/devea-environnement.com\/de\/"},{"@type":"ListItem","position":2,"name":"Unsere VOD-Dienstleistungen","item":"https:\/\/devea-environnement.com\/de\/unsere-dsva-dienstleistungen\/"},{"@type":"ListItem","position":3,"name":"Pr\u00e4ventive Wartung, Garantie und Kundendienst f\u00fcr VOD-Ger\u00e4te"}]},{"@type":"WebSite","@id":"https:\/\/devea-environnement.com\/#website","url":"https:\/\/devea-environnement.com\/","name":"Devea","description":"Votre expert scientifique fran\u00e7ais","potentialAction":[{"@type":"SearchAction","target":{"@type":"EntryPoint","urlTemplate":"https:\/\/devea-environnement.com\/?s={search_term_string}"},"query-input":{"@type":"PropertyValueSpecification","valueRequired":true,"valueName":"search_term_string"}}],"inLanguage":"de"}]}},"_links":{"self":[{"href":"https:\/\/devea-environnement.com\/de\/wp-json\/wp\/v2\/pages\/4692","targetHints":{"allow":["GET"]}}],"collection":[{"href":"https:\/\/devea-environnement.com\/de\/wp-json\/wp\/v2\/pages"}],"about":[{"href":"https:\/\/devea-environnement.com\/de\/wp-json\/wp\/v2\/types\/page"}],"author":[{"embeddable":true,"href":"https:\/\/devea-environnement.com\/de\/wp-json\/wp\/v2\/users\/1"}],"replies":[{"embeddable":true,"href":"https:\/\/devea-environnement.com\/de\/wp-json\/wp\/v2\/comments?post=4692"}],"version-history":[{"count":0,"href":"https:\/\/devea-environnement.com\/de\/wp-json\/wp\/v2\/pages\/4692\/revisions"}],"up":[{"embeddable":true,"href":"https:\/\/devea-environnement.com\/de\/wp-json\/wp\/v2\/pages\/4687"}],"wp:attachment":[{"href":"https:\/\/devea-environnement.com\/de\/wp-json\/wp\/v2\/media?parent=4692"}],"curies":[{"name":"wp","href":"https:\/\/api.w.org\/{rel}","templated":true}]}}