{"id":4696,"date":"2022-10-17T15:54:53","date_gmt":"2022-10-17T13:54:53","guid":{"rendered":"https:\/\/devea-environnement.com\/nous-contacter\/"},"modified":"2025-12-17T16:21:01","modified_gmt":"2025-12-17T15:21:01","slug":"kontaktieren-sie-uns","status":"publish","type":"page","link":"https:\/\/devea-environnement.com\/de\/kontaktieren-sie-uns\/","title":{"rendered":"Kontaktieren Sie uns"},"content":{"rendered":"","protected":false},"excerpt":{"rendered":"","protected":false},"author":1,"featured_media":0,"parent":0,"menu_order":80,"comment_status":"closed","ping_status":"closed","template":"","meta":{"_acf_changed":false,"footnotes":""},"class_list":["post-4696","page","type-page","status-publish","hentry"],"acf":[],"yoast_head":"<!-- This site is optimized with the Yoast SEO plugin v27.5 - https:\/\/yoast.com\/product\/yoast-seo-wordpress\/ -->\n<title>Contact entreprise DSVA, \u00e9quipements bio d\u00e9contamination | Devea<\/title>\n<meta name=\"description\" content=\"A la recherche d&#039;une entreprise sp\u00e9cialis\u00e9e dans la DSVA avec des \u00e9quipements sp\u00e9cifique, contactez Devea, fabriquant fran\u00e7ais.\" \/>\n<meta name=\"robots\" content=\"index, follow, max-snippet:-1, max-image-preview:large, max-video-preview:-1\" \/>\n<link rel=\"canonical\" href=\"https:\/\/devea-environnement.com\/de\/kontaktieren-sie-uns\/\" \/>\n<meta property=\"og:locale\" content=\"de_DE\" \/>\n<meta property=\"og:type\" content=\"article\" \/>\n<meta property=\"og:title\" content=\"Contact entreprise DSVA, \u00e9quipements bio d\u00e9contamination | Devea\" \/>\n<meta property=\"og:description\" content=\"A la recherche d&#039;une entreprise sp\u00e9cialis\u00e9e dans la DSVA avec des \u00e9quipements sp\u00e9cifique, contactez Devea, fabriquant fran\u00e7ais.\" \/>\n<meta property=\"og:url\" content=\"https:\/\/devea-environnement.com\/de\/kontaktieren-sie-uns\/\" \/>\n<meta property=\"og:site_name\" content=\"Devea\" \/>\n<meta property=\"article:modified_time\" content=\"2025-12-17T15:21:01+00:00\" \/>\n<meta name=\"twitter:card\" content=\"summary_large_image\" \/>\n<meta name=\"twitter:label1\" content=\"Gesch\u00e4tzte Lesezeit\" \/>\n\t<meta name=\"twitter:data1\" content=\"1\u00a0Minute\" \/>\n<script type=\"application\/ld+json\" class=\"yoast-schema-graph\">{\"@context\":\"https:\\\/\\\/schema.org\",\"@graph\":[{\"@type\":\"WebPage\",\"@id\":\"https:\\\/\\\/devea-environnement.com\\\/de\\\/kontaktieren-sie-uns\\\/\",\"url\":\"https:\\\/\\\/devea-environnement.com\\\/de\\\/kontaktieren-sie-uns\\\/\",\"name\":\"Contact entreprise DSVA, \u00e9quipements bio d\u00e9contamination | Devea\",\"isPartOf\":{\"@id\":\"https:\\\/\\\/devea-environnement.com\\\/#website\"},\"datePublished\":\"2022-10-17T13:54:53+00:00\",\"dateModified\":\"2025-12-17T15:21:01+00:00\",\"description\":\"A la recherche d'une entreprise sp\u00e9cialis\u00e9e dans la DSVA avec des \u00e9quipements sp\u00e9cifique, contactez Devea, fabriquant fran\u00e7ais.\",\"breadcrumb\":{\"@id\":\"https:\\\/\\\/devea-environnement.com\\\/de\\\/kontaktieren-sie-uns\\\/#breadcrumb\"},\"inLanguage\":\"de\",\"potentialAction\":[{\"@type\":\"ReadAction\",\"target\":[\"https:\\\/\\\/devea-environnement.com\\\/de\\\/kontaktieren-sie-uns\\\/\"]}]},{\"@type\":\"BreadcrumbList\",\"@id\":\"https:\\\/\\\/devea-environnement.com\\\/de\\\/kontaktieren-sie-uns\\\/#breadcrumb\",\"itemListElement\":[{\"@type\":\"ListItem\",\"position\":1,\"name\":\"Startseite\",\"item\":\"https:\\\/\\\/devea-environnement.com\\\/de\\\/\"},{\"@type\":\"ListItem\",\"position\":2,\"name\":\"Kontaktieren Sie uns\"}]},{\"@type\":\"WebSite\",\"@id\":\"https:\\\/\\\/devea-environnement.com\\\/#website\",\"url\":\"https:\\\/\\\/devea-environnement.com\\\/\",\"name\":\"Devea\",\"description\":\"Votre expert scientifique fran\u00e7ais\",\"potentialAction\":[{\"@type\":\"SearchAction\",\"target\":{\"@type\":\"EntryPoint\",\"urlTemplate\":\"https:\\\/\\\/devea-environnement.com\\\/?s={search_term_string}\"},\"query-input\":{\"@type\":\"PropertyValueSpecification\",\"valueRequired\":true,\"valueName\":\"search_term_string\"}}],\"inLanguage\":\"de\"}]}<\/script>\n<!-- \/ Yoast SEO plugin. -->","yoast_head_json":{"title":"Contact entreprise DSVA, \u00e9quipements bio d\u00e9contamination | Devea","description":"A la recherche d'une entreprise sp\u00e9cialis\u00e9e dans la DSVA avec des \u00e9quipements sp\u00e9cifique, contactez Devea, fabriquant fran\u00e7ais.","robots":{"index":"index","follow":"follow","max-snippet":"max-snippet:-1","max-image-preview":"max-image-preview:large","max-video-preview":"max-video-preview:-1"},"canonical":"https:\/\/devea-environnement.com\/de\/kontaktieren-sie-uns\/","og_locale":"de_DE","og_type":"article","og_title":"Contact entreprise DSVA, \u00e9quipements bio d\u00e9contamination | Devea","og_description":"A la recherche d'une entreprise sp\u00e9cialis\u00e9e dans la DSVA avec des \u00e9quipements sp\u00e9cifique, contactez Devea, fabriquant fran\u00e7ais.","og_url":"https:\/\/devea-environnement.com\/de\/kontaktieren-sie-uns\/","og_site_name":"Devea","article_modified_time":"2025-12-17T15:21:01+00:00","twitter_card":"summary_large_image","twitter_misc":{"Gesch\u00e4tzte Lesezeit":"1\u00a0Minute"},"schema":{"@context":"https:\/\/schema.org","@graph":[{"@type":"WebPage","@id":"https:\/\/devea-environnement.com\/de\/kontaktieren-sie-uns\/","url":"https:\/\/devea-environnement.com\/de\/kontaktieren-sie-uns\/","name":"Contact entreprise DSVA, \u00e9quipements bio d\u00e9contamination | Devea","isPartOf":{"@id":"https:\/\/devea-environnement.com\/#website"},"datePublished":"2022-10-17T13:54:53+00:00","dateModified":"2025-12-17T15:21:01+00:00","description":"A la recherche d'une entreprise sp\u00e9cialis\u00e9e dans la DSVA avec des \u00e9quipements sp\u00e9cifique, contactez Devea, fabriquant fran\u00e7ais.","breadcrumb":{"@id":"https:\/\/devea-environnement.com\/de\/kontaktieren-sie-uns\/#breadcrumb"},"inLanguage":"de","potentialAction":[{"@type":"ReadAction","target":["https:\/\/devea-environnement.com\/de\/kontaktieren-sie-uns\/"]}]},{"@type":"BreadcrumbList","@id":"https:\/\/devea-environnement.com\/de\/kontaktieren-sie-uns\/#breadcrumb","itemListElement":[{"@type":"ListItem","position":1,"name":"Startseite","item":"https:\/\/devea-environnement.com\/de\/"},{"@type":"ListItem","position":2,"name":"Kontaktieren Sie uns"}]},{"@type":"WebSite","@id":"https:\/\/devea-environnement.com\/#website","url":"https:\/\/devea-environnement.com\/","name":"Devea","description":"Votre expert scientifique fran\u00e7ais","potentialAction":[{"@type":"SearchAction","target":{"@type":"EntryPoint","urlTemplate":"https:\/\/devea-environnement.com\/?s={search_term_string}"},"query-input":{"@type":"PropertyValueSpecification","valueRequired":true,"valueName":"search_term_string"}}],"inLanguage":"de"}]}},"_links":{"self":[{"href":"https:\/\/devea-environnement.com\/de\/wp-json\/wp\/v2\/pages\/4696","targetHints":{"allow":["GET"]}}],"collection":[{"href":"https:\/\/devea-environnement.com\/de\/wp-json\/wp\/v2\/pages"}],"about":[{"href":"https:\/\/devea-environnement.com\/de\/wp-json\/wp\/v2\/types\/page"}],"author":[{"embeddable":true,"href":"https:\/\/devea-environnement.com\/de\/wp-json\/wp\/v2\/users\/1"}],"replies":[{"embeddable":true,"href":"https:\/\/devea-environnement.com\/de\/wp-json\/wp\/v2\/comments?post=4696"}],"version-history":[{"count":0,"href":"https:\/\/devea-environnement.com\/de\/wp-json\/wp\/v2\/pages\/4696\/revisions"}],"wp:attachment":[{"href":"https:\/\/devea-environnement.com\/de\/wp-json\/wp\/v2\/media?parent=4696"}],"curies":[{"name":"wp","href":"https:\/\/api.w.org\/{rel}","templated":true}]}}