{"id":4699,"date":"2024-11-29T09:29:20","date_gmt":"2024-11-29T08:29:20","guid":{"rendered":"https:\/\/devea-environnement.com\/nos-produits\/gamme-optimum\/"},"modified":"2026-02-28T12:16:42","modified_gmt":"2026-02-28T11:16:42","slug":"optimum-reihe","status":"publish","type":"page","link":"https:\/\/devea-environnement.com\/de\/unsere-produkte\/optimum-reihe\/","title":{"rendered":"OPTIMUM-Reihe"},"content":{"rendered":"","protected":false},"excerpt":{"rendered":"","protected":false},"author":1,"featured_media":0,"parent":4697,"menu_order":85,"comment_status":"closed","ping_status":"closed","template":"","meta":{"_acf_changed":false,"footnotes":""},"class_list":["post-4699","page","type-page","status-publish","hentry"],"acf":[],"yoast_head":"<!-- This site is optimized with the Yoast SEO plugin v27.5 - https:\/\/yoast.com\/product\/yoast-seo-wordpress\/ -->\n<title>OPTIMUM-Reihe - Devea<\/title>\n<meta name=\"description\" content=\"VOD-L\u00f6sungen, die den Anforderungen der GMP-Branchen entsprechen: 6-log10-Effizienz, Sicherheit, Zuverl\u00e4ssigkeit. Einfachheit und R\u00fcckverfolgbarkeit als zus\u00e4tzlicher Bonus!\" \/>\n<meta name=\"robots\" content=\"index, follow, max-snippet:-1, max-image-preview:large, max-video-preview:-1\" \/>\n<link rel=\"canonical\" href=\"https:\/\/devea-environnement.com\/de\/unsere-produkte\/optimum-reihe\/\" \/>\n<meta property=\"og:locale\" content=\"de_DE\" \/>\n<meta property=\"og:type\" content=\"article\" \/>\n<meta property=\"og:title\" content=\"OPTIMUM-Reihe - Devea\" \/>\n<meta property=\"og:description\" content=\"VOD-L\u00f6sungen, die den Anforderungen der GMP-Branchen entsprechen: 6-log10-Effizienz, Sicherheit, Zuverl\u00e4ssigkeit. Einfachheit und R\u00fcckverfolgbarkeit als zus\u00e4tzlicher Bonus!\" \/>\n<meta property=\"og:url\" content=\"https:\/\/devea-environnement.com\/de\/unsere-produkte\/optimum-reihe\/\" \/>\n<meta property=\"og:site_name\" content=\"Devea\" \/>\n<meta property=\"article:modified_time\" content=\"2026-02-28T11:16:42+00:00\" \/>\n<meta name=\"twitter:card\" content=\"summary_large_image\" \/>\n<meta name=\"twitter:label1\" content=\"Gesch\u00e4tzte Lesezeit\" \/>\n\t<meta name=\"twitter:data1\" content=\"1\u00a0Minute\" \/>\n<script type=\"application\/ld+json\" class=\"yoast-schema-graph\">{\"@context\":\"https:\\\/\\\/schema.org\",\"@graph\":[{\"@type\":\"WebPage\",\"@id\":\"https:\\\/\\\/devea-environnement.com\\\/de\\\/unsere-produkte\\\/optimum-reihe\\\/\",\"url\":\"https:\\\/\\\/devea-environnement.com\\\/de\\\/unsere-produkte\\\/optimum-reihe\\\/\",\"name\":\"OPTIMUM-Reihe - Devea\",\"isPartOf\":{\"@id\":\"https:\\\/\\\/devea-environnement.com\\\/#website\"},\"datePublished\":\"2024-11-29T08:29:20+00:00\",\"dateModified\":\"2026-02-28T11:16:42+00:00\",\"description\":\"VOD-L\u00f6sungen, die den Anforderungen der GMP-Branchen entsprechen: 6-log10-Effizienz, Sicherheit, Zuverl\u00e4ssigkeit. Einfachheit und R\u00fcckverfolgbarkeit als zus\u00e4tzlicher Bonus!\",\"breadcrumb\":{\"@id\":\"https:\\\/\\\/devea-environnement.com\\\/de\\\/unsere-produkte\\\/optimum-reihe\\\/#breadcrumb\"},\"inLanguage\":\"de\",\"potentialAction\":[{\"@type\":\"ReadAction\",\"target\":[\"https:\\\/\\\/devea-environnement.com\\\/de\\\/unsere-produkte\\\/optimum-reihe\\\/\"]}]},{\"@type\":\"BreadcrumbList\",\"@id\":\"https:\\\/\\\/devea-environnement.com\\\/de\\\/unsere-produkte\\\/optimum-reihe\\\/#breadcrumb\",\"itemListElement\":[{\"@type\":\"ListItem\",\"position\":1,\"name\":\"Startseite\",\"item\":\"https:\\\/\\\/devea-environnement.com\\\/de\\\/\"},{\"@type\":\"ListItem\",\"position\":2,\"name\":\"Unsere Ger\u00e4te zur Vernebelungsbasierte Oberfl\u00e4chendesinfektion (VOD)\",\"item\":\"https:\\\/\\\/devea-environnement.com\\\/de\\\/unsere-produkte\\\/\"},{\"@type\":\"ListItem\",\"position\":3,\"name\":\"OPTIMUM-Reihe\"}]},{\"@type\":\"WebSite\",\"@id\":\"https:\\\/\\\/devea-environnement.com\\\/#website\",\"url\":\"https:\\\/\\\/devea-environnement.com\\\/\",\"name\":\"Devea\",\"description\":\"Votre expert scientifique fran\u00e7ais\",\"potentialAction\":[{\"@type\":\"SearchAction\",\"target\":{\"@type\":\"EntryPoint\",\"urlTemplate\":\"https:\\\/\\\/devea-environnement.com\\\/?s={search_term_string}\"},\"query-input\":{\"@type\":\"PropertyValueSpecification\",\"valueRequired\":true,\"valueName\":\"search_term_string\"}}],\"inLanguage\":\"de\"}]}<\/script>\n<!-- \/ Yoast SEO plugin. -->","yoast_head_json":{"title":"OPTIMUM-Reihe - Devea","description":"VOD-L\u00f6sungen, die den Anforderungen der GMP-Branchen entsprechen: 6-log10-Effizienz, Sicherheit, Zuverl\u00e4ssigkeit. Einfachheit und R\u00fcckverfolgbarkeit als zus\u00e4tzlicher Bonus!","robots":{"index":"index","follow":"follow","max-snippet":"max-snippet:-1","max-image-preview":"max-image-preview:large","max-video-preview":"max-video-preview:-1"},"canonical":"https:\/\/devea-environnement.com\/de\/unsere-produkte\/optimum-reihe\/","og_locale":"de_DE","og_type":"article","og_title":"OPTIMUM-Reihe - Devea","og_description":"VOD-L\u00f6sungen, die den Anforderungen der GMP-Branchen entsprechen: 6-log10-Effizienz, Sicherheit, Zuverl\u00e4ssigkeit. Einfachheit und R\u00fcckverfolgbarkeit als zus\u00e4tzlicher Bonus!","og_url":"https:\/\/devea-environnement.com\/de\/unsere-produkte\/optimum-reihe\/","og_site_name":"Devea","article_modified_time":"2026-02-28T11:16:42+00:00","twitter_card":"summary_large_image","twitter_misc":{"Gesch\u00e4tzte Lesezeit":"1\u00a0Minute"},"schema":{"@context":"https:\/\/schema.org","@graph":[{"@type":"WebPage","@id":"https:\/\/devea-environnement.com\/de\/unsere-produkte\/optimum-reihe\/","url":"https:\/\/devea-environnement.com\/de\/unsere-produkte\/optimum-reihe\/","name":"OPTIMUM-Reihe - Devea","isPartOf":{"@id":"https:\/\/devea-environnement.com\/#website"},"datePublished":"2024-11-29T08:29:20+00:00","dateModified":"2026-02-28T11:16:42+00:00","description":"VOD-L\u00f6sungen, die den Anforderungen der GMP-Branchen entsprechen: 6-log10-Effizienz, Sicherheit, Zuverl\u00e4ssigkeit. Einfachheit und R\u00fcckverfolgbarkeit als zus\u00e4tzlicher Bonus!","breadcrumb":{"@id":"https:\/\/devea-environnement.com\/de\/unsere-produkte\/optimum-reihe\/#breadcrumb"},"inLanguage":"de","potentialAction":[{"@type":"ReadAction","target":["https:\/\/devea-environnement.com\/de\/unsere-produkte\/optimum-reihe\/"]}]},{"@type":"BreadcrumbList","@id":"https:\/\/devea-environnement.com\/de\/unsere-produkte\/optimum-reihe\/#breadcrumb","itemListElement":[{"@type":"ListItem","position":1,"name":"Startseite","item":"https:\/\/devea-environnement.com\/de\/"},{"@type":"ListItem","position":2,"name":"Unsere Ger\u00e4te zur Vernebelungsbasierte Oberfl\u00e4chendesinfektion (VOD)","item":"https:\/\/devea-environnement.com\/de\/unsere-produkte\/"},{"@type":"ListItem","position":3,"name":"OPTIMUM-Reihe"}]},{"@type":"WebSite","@id":"https:\/\/devea-environnement.com\/#website","url":"https:\/\/devea-environnement.com\/","name":"Devea","description":"Votre expert scientifique fran\u00e7ais","potentialAction":[{"@type":"SearchAction","target":{"@type":"EntryPoint","urlTemplate":"https:\/\/devea-environnement.com\/?s={search_term_string}"},"query-input":{"@type":"PropertyValueSpecification","valueRequired":true,"valueName":"search_term_string"}}],"inLanguage":"de"}]}},"_links":{"self":[{"href":"https:\/\/devea-environnement.com\/de\/wp-json\/wp\/v2\/pages\/4699","targetHints":{"allow":["GET"]}}],"collection":[{"href":"https:\/\/devea-environnement.com\/de\/wp-json\/wp\/v2\/pages"}],"about":[{"href":"https:\/\/devea-environnement.com\/de\/wp-json\/wp\/v2\/types\/page"}],"author":[{"embeddable":true,"href":"https:\/\/devea-environnement.com\/de\/wp-json\/wp\/v2\/users\/1"}],"replies":[{"embeddable":true,"href":"https:\/\/devea-environnement.com\/de\/wp-json\/wp\/v2\/comments?post=4699"}],"version-history":[{"count":0,"href":"https:\/\/devea-environnement.com\/de\/wp-json\/wp\/v2\/pages\/4699\/revisions"}],"up":[{"embeddable":true,"href":"https:\/\/devea-environnement.com\/de\/wp-json\/wp\/v2\/pages\/4697"}],"wp:attachment":[{"href":"https:\/\/devea-environnement.com\/de\/wp-json\/wp\/v2\/media?parent=4699"}],"curies":[{"name":"wp","href":"https:\/\/api.w.org\/{rel}","templated":true}]}}