{"id":4704,"date":"2023-05-24T11:42:47","date_gmt":"2023-05-24T09:42:47","guid":{"rendered":"https:\/\/devea-environnement.com\/qui-sommes-nous\/la-desinfection-des-surfaces-par-voie-aerienne-dsva\/"},"modified":"2026-02-28T11:56:03","modified_gmt":"2026-02-28T10:56:03","slug":"was-ist-die-vernebelungsbasierte-oberflaechendesinfektion","status":"publish","type":"page","link":"https:\/\/devea-environnement.com\/de\/ueber-uns\/was-ist-die-vernebelungsbasierte-oberflaechendesinfektion\/","title":{"rendered":"Was ist die Vernebelungsbasierte Oberfl\u00e4chendesinfektion ?"},"content":{"rendered":"","protected":false},"excerpt":{"rendered":"","protected":false},"author":3,"featured_media":0,"parent":4703,"menu_order":5,"comment_status":"closed","ping_status":"closed","template":"","meta":{"_acf_changed":false,"footnotes":""},"class_list":["post-4704","page","type-page","status-publish","hentry"],"acf":[],"yoast_head":"<!-- This site is optimized with the Yoast SEO plugin v27.5 - https:\/\/yoast.com\/product\/yoast-seo-wordpress\/ -->\n<title>Desinfektion VOD, Vernebelungsbasierte Oberfl\u00e4chendesinfektion<\/title>\n<meta name=\"description\" content=\"Was versteht man unter VOD? Devea, Experte f\u00fcr VOD, bietet Biodekontamination durch Vernebelungsbasierte Oberfl\u00e4chendesinfektion\" \/>\n<meta name=\"robots\" content=\"index, follow, max-snippet:-1, max-image-preview:large, max-video-preview:-1\" \/>\n<link rel=\"canonical\" href=\"https:\/\/devea-environnement.com\/de\/ueber-uns\/was-ist-die-vernebelungsbasierte-oberflaechendesinfektion\/\" \/>\n<meta property=\"og:locale\" content=\"de_DE\" \/>\n<meta property=\"og:type\" content=\"article\" \/>\n<meta property=\"og:title\" content=\"Desinfektion VOD, Vernebelungsbasierte Oberfl\u00e4chendesinfektion\" \/>\n<meta property=\"og:description\" content=\"Was versteht man unter VOD? Devea, Experte f\u00fcr VOD, bietet Biodekontamination durch Vernebelungsbasierte Oberfl\u00e4chendesinfektion\" \/>\n<meta property=\"og:url\" content=\"https:\/\/devea-environnement.com\/de\/ueber-uns\/was-ist-die-vernebelungsbasierte-oberflaechendesinfektion\/\" \/>\n<meta property=\"og:site_name\" content=\"Devea\" \/>\n<meta property=\"article:modified_time\" content=\"2026-02-28T10:56:03+00:00\" \/>\n<meta name=\"twitter:card\" content=\"summary_large_image\" \/>\n<meta name=\"twitter:label1\" content=\"Gesch\u00e4tzte Lesezeit\" \/>\n\t<meta name=\"twitter:data1\" content=\"5\u00a0Minuten\" \/>\n<script type=\"application\/ld+json\" class=\"yoast-schema-graph\">{\"@context\":\"https:\\\/\\\/schema.org\",\"@graph\":[{\"@type\":\"WebPage\",\"@id\":\"https:\\\/\\\/devea-environnement.com\\\/de\\\/ueber-uns\\\/was-ist-die-vernebelungsbasierte-oberflaechendesinfektion\\\/\",\"url\":\"https:\\\/\\\/devea-environnement.com\\\/de\\\/ueber-uns\\\/was-ist-die-vernebelungsbasierte-oberflaechendesinfektion\\\/\",\"name\":\"Desinfektion VOD, Vernebelungsbasierte Oberfl\u00e4chendesinfektion\",\"isPartOf\":{\"@id\":\"https:\\\/\\\/devea-environnement.com\\\/#website\"},\"datePublished\":\"2023-05-24T09:42:47+00:00\",\"dateModified\":\"2026-02-28T10:56:03+00:00\",\"description\":\"Was versteht man unter VOD? Devea, Experte f\u00fcr VOD, bietet Biodekontamination durch Vernebelungsbasierte Oberfl\u00e4chendesinfektion\",\"breadcrumb\":{\"@id\":\"https:\\\/\\\/devea-environnement.com\\\/de\\\/ueber-uns\\\/was-ist-die-vernebelungsbasierte-oberflaechendesinfektion\\\/#breadcrumb\"},\"inLanguage\":\"de\",\"potentialAction\":[{\"@type\":\"ReadAction\",\"target\":[\"https:\\\/\\\/devea-environnement.com\\\/de\\\/ueber-uns\\\/was-ist-die-vernebelungsbasierte-oberflaechendesinfektion\\\/\"]}]},{\"@type\":\"BreadcrumbList\",\"@id\":\"https:\\\/\\\/devea-environnement.com\\\/de\\\/ueber-uns\\\/was-ist-die-vernebelungsbasierte-oberflaechendesinfektion\\\/#breadcrumb\",\"itemListElement\":[{\"@type\":\"ListItem\",\"position\":1,\"name\":\"Startseite\",\"item\":\"https:\\\/\\\/devea-environnement.com\\\/de\\\/\"},{\"@type\":\"ListItem\",\"position\":2,\"name\":\"Hersteller von DSVA-Ger\u00e4ten, hergestellt in Frankreich\",\"item\":\"https:\\\/\\\/devea-environnement.com\\\/de\\\/ueber-uns\\\/\"},{\"@type\":\"ListItem\",\"position\":3,\"name\":\"Was ist die Vernebelungsbasierte Oberfl\u00e4chendesinfektion ?\"}]},{\"@type\":\"WebSite\",\"@id\":\"https:\\\/\\\/devea-environnement.com\\\/#website\",\"url\":\"https:\\\/\\\/devea-environnement.com\\\/\",\"name\":\"Devea\",\"description\":\"Votre expert scientifique fran\u00e7ais\",\"potentialAction\":[{\"@type\":\"SearchAction\",\"target\":{\"@type\":\"EntryPoint\",\"urlTemplate\":\"https:\\\/\\\/devea-environnement.com\\\/?s={search_term_string}\"},\"query-input\":{\"@type\":\"PropertyValueSpecification\",\"valueRequired\":true,\"valueName\":\"search_term_string\"}}],\"inLanguage\":\"de\"}]}<\/script>\n<!-- \/ Yoast SEO plugin. -->","yoast_head_json":{"title":"Desinfektion VOD, Vernebelungsbasierte Oberfl\u00e4chendesinfektion","description":"Was versteht man unter VOD? Devea, Experte f\u00fcr VOD, bietet Biodekontamination durch Vernebelungsbasierte Oberfl\u00e4chendesinfektion","robots":{"index":"index","follow":"follow","max-snippet":"max-snippet:-1","max-image-preview":"max-image-preview:large","max-video-preview":"max-video-preview:-1"},"canonical":"https:\/\/devea-environnement.com\/de\/ueber-uns\/was-ist-die-vernebelungsbasierte-oberflaechendesinfektion\/","og_locale":"de_DE","og_type":"article","og_title":"Desinfektion VOD, Vernebelungsbasierte Oberfl\u00e4chendesinfektion","og_description":"Was versteht man unter VOD? Devea, Experte f\u00fcr VOD, bietet Biodekontamination durch Vernebelungsbasierte Oberfl\u00e4chendesinfektion","og_url":"https:\/\/devea-environnement.com\/de\/ueber-uns\/was-ist-die-vernebelungsbasierte-oberflaechendesinfektion\/","og_site_name":"Devea","article_modified_time":"2026-02-28T10:56:03+00:00","twitter_card":"summary_large_image","twitter_misc":{"Gesch\u00e4tzte Lesezeit":"5\u00a0Minuten"},"schema":{"@context":"https:\/\/schema.org","@graph":[{"@type":"WebPage","@id":"https:\/\/devea-environnement.com\/de\/ueber-uns\/was-ist-die-vernebelungsbasierte-oberflaechendesinfektion\/","url":"https:\/\/devea-environnement.com\/de\/ueber-uns\/was-ist-die-vernebelungsbasierte-oberflaechendesinfektion\/","name":"Desinfektion VOD, Vernebelungsbasierte Oberfl\u00e4chendesinfektion","isPartOf":{"@id":"https:\/\/devea-environnement.com\/#website"},"datePublished":"2023-05-24T09:42:47+00:00","dateModified":"2026-02-28T10:56:03+00:00","description":"Was versteht man unter VOD? Devea, Experte f\u00fcr VOD, bietet Biodekontamination durch Vernebelungsbasierte Oberfl\u00e4chendesinfektion","breadcrumb":{"@id":"https:\/\/devea-environnement.com\/de\/ueber-uns\/was-ist-die-vernebelungsbasierte-oberflaechendesinfektion\/#breadcrumb"},"inLanguage":"de","potentialAction":[{"@type":"ReadAction","target":["https:\/\/devea-environnement.com\/de\/ueber-uns\/was-ist-die-vernebelungsbasierte-oberflaechendesinfektion\/"]}]},{"@type":"BreadcrumbList","@id":"https:\/\/devea-environnement.com\/de\/ueber-uns\/was-ist-die-vernebelungsbasierte-oberflaechendesinfektion\/#breadcrumb","itemListElement":[{"@type":"ListItem","position":1,"name":"Startseite","item":"https:\/\/devea-environnement.com\/de\/"},{"@type":"ListItem","position":2,"name":"Hersteller von DSVA-Ger\u00e4ten, hergestellt in Frankreich","item":"https:\/\/devea-environnement.com\/de\/ueber-uns\/"},{"@type":"ListItem","position":3,"name":"Was ist die Vernebelungsbasierte Oberfl\u00e4chendesinfektion ?"}]},{"@type":"WebSite","@id":"https:\/\/devea-environnement.com\/#website","url":"https:\/\/devea-environnement.com\/","name":"Devea","description":"Votre expert scientifique fran\u00e7ais","potentialAction":[{"@type":"SearchAction","target":{"@type":"EntryPoint","urlTemplate":"https:\/\/devea-environnement.com\/?s={search_term_string}"},"query-input":{"@type":"PropertyValueSpecification","valueRequired":true,"valueName":"search_term_string"}}],"inLanguage":"de"}]}},"_links":{"self":[{"href":"https:\/\/devea-environnement.com\/de\/wp-json\/wp\/v2\/pages\/4704","targetHints":{"allow":["GET"]}}],"collection":[{"href":"https:\/\/devea-environnement.com\/de\/wp-json\/wp\/v2\/pages"}],"about":[{"href":"https:\/\/devea-environnement.com\/de\/wp-json\/wp\/v2\/types\/page"}],"author":[{"embeddable":true,"href":"https:\/\/devea-environnement.com\/de\/wp-json\/wp\/v2\/users\/3"}],"replies":[{"embeddable":true,"href":"https:\/\/devea-environnement.com\/de\/wp-json\/wp\/v2\/comments?post=4704"}],"version-history":[{"count":0,"href":"https:\/\/devea-environnement.com\/de\/wp-json\/wp\/v2\/pages\/4704\/revisions"}],"up":[{"embeddable":true,"href":"https:\/\/devea-environnement.com\/de\/wp-json\/wp\/v2\/pages\/4703"}],"wp:attachment":[{"href":"https:\/\/devea-environnement.com\/de\/wp-json\/wp\/v2\/media?parent=4704"}],"curies":[{"name":"wp","href":"https:\/\/api.w.org\/{rel}","templated":true}]}}