{"id":4706,"date":"2023-02-24T11:00:37","date_gmt":"2023-02-24T10:00:37","guid":{"rendered":"https:\/\/devea-environnement.com\/qui-sommes-nous\/presentation\/"},"modified":"2026-02-28T11:41:19","modified_gmt":"2026-02-28T10:41:19","slug":"praesentation","status":"publish","type":"page","link":"https:\/\/devea-environnement.com\/de\/ueber-uns\/praesentation\/","title":{"rendered":"Devea, Experte f\u00fcr VOD"},"content":{"rendered":"","protected":false},"excerpt":{"rendered":"","protected":false},"author":1,"featured_media":0,"parent":4703,"menu_order":105,"comment_status":"closed","ping_status":"closed","template":"","meta":{"_acf_changed":false,"footnotes":""},"class_list":["post-4706","page","type-page","status-publish","hentry"],"acf":[],"yoast_head":"<!-- This site is optimized with the Yoast SEO plugin v27.5 - https:\/\/yoast.com\/product\/yoast-seo-wordpress\/ -->\n<title>Unternehmen f\u00fcr die Vernebelungsbasierte Oberfl\u00e4chendesinfektion VOD<\/title>\n<meta name=\"description\" content=\"Wenn Sie auf der Suche nach einem Unternehmen f\u00fcr die Desinfektion von Oberfl\u00e4chen aus der Luft sind, ist Devea der Experte f\u00fcr VOD-Ger\u00e4te.\" \/>\n<meta name=\"robots\" content=\"index, follow, max-snippet:-1, max-image-preview:large, max-video-preview:-1\" \/>\n<link rel=\"canonical\" href=\"https:\/\/devea-environnement.com\/de\/ueber-uns\/praesentation\/\" \/>\n<meta property=\"og:locale\" content=\"de_DE\" \/>\n<meta property=\"og:type\" content=\"article\" \/>\n<meta property=\"og:title\" content=\"Unternehmen f\u00fcr die Vernebelungsbasierte Oberfl\u00e4chendesinfektion VOD\" \/>\n<meta property=\"og:description\" content=\"Wenn Sie auf der Suche nach einem Unternehmen f\u00fcr die Desinfektion von Oberfl\u00e4chen aus der Luft sind, ist Devea der Experte f\u00fcr VOD-Ger\u00e4te.\" \/>\n<meta property=\"og:url\" content=\"https:\/\/devea-environnement.com\/de\/ueber-uns\/praesentation\/\" \/>\n<meta property=\"og:site_name\" content=\"Devea\" \/>\n<meta property=\"article:modified_time\" content=\"2026-02-28T10:41:19+00:00\" \/>\n<meta name=\"twitter:card\" content=\"summary_large_image\" \/>\n<meta name=\"twitter:label1\" content=\"Gesch\u00e4tzte Lesezeit\" \/>\n\t<meta name=\"twitter:data1\" content=\"2\u00a0Minuten\" \/>\n<script type=\"application\/ld+json\" class=\"yoast-schema-graph\">{\"@context\":\"https:\\\/\\\/schema.org\",\"@graph\":[{\"@type\":\"WebPage\",\"@id\":\"https:\\\/\\\/devea-environnement.com\\\/de\\\/ueber-uns\\\/praesentation\\\/\",\"url\":\"https:\\\/\\\/devea-environnement.com\\\/de\\\/ueber-uns\\\/praesentation\\\/\",\"name\":\"Unternehmen f\u00fcr die Vernebelungsbasierte Oberfl\u00e4chendesinfektion VOD\",\"isPartOf\":{\"@id\":\"https:\\\/\\\/devea-environnement.com\\\/#website\"},\"datePublished\":\"2023-02-24T10:00:37+00:00\",\"dateModified\":\"2026-02-28T10:41:19+00:00\",\"description\":\"Wenn Sie auf der Suche nach einem Unternehmen f\u00fcr die Desinfektion von Oberfl\u00e4chen aus der Luft sind, ist Devea der Experte f\u00fcr VOD-Ger\u00e4te.\",\"breadcrumb\":{\"@id\":\"https:\\\/\\\/devea-environnement.com\\\/de\\\/ueber-uns\\\/praesentation\\\/#breadcrumb\"},\"inLanguage\":\"de\",\"potentialAction\":[{\"@type\":\"ReadAction\",\"target\":[\"https:\\\/\\\/devea-environnement.com\\\/de\\\/ueber-uns\\\/praesentation\\\/\"]}]},{\"@type\":\"BreadcrumbList\",\"@id\":\"https:\\\/\\\/devea-environnement.com\\\/de\\\/ueber-uns\\\/praesentation\\\/#breadcrumb\",\"itemListElement\":[{\"@type\":\"ListItem\",\"position\":1,\"name\":\"Startseite\",\"item\":\"https:\\\/\\\/devea-environnement.com\\\/de\\\/\"},{\"@type\":\"ListItem\",\"position\":2,\"name\":\"Hersteller von DSVA-Ger\u00e4ten, hergestellt in Frankreich\",\"item\":\"https:\\\/\\\/devea-environnement.com\\\/de\\\/ueber-uns\\\/\"},{\"@type\":\"ListItem\",\"position\":3,\"name\":\"Devea, Experte f\u00fcr VOD\"}]},{\"@type\":\"WebSite\",\"@id\":\"https:\\\/\\\/devea-environnement.com\\\/#website\",\"url\":\"https:\\\/\\\/devea-environnement.com\\\/\",\"name\":\"Devea\",\"description\":\"Votre expert scientifique fran\u00e7ais\",\"potentialAction\":[{\"@type\":\"SearchAction\",\"target\":{\"@type\":\"EntryPoint\",\"urlTemplate\":\"https:\\\/\\\/devea-environnement.com\\\/?s={search_term_string}\"},\"query-input\":{\"@type\":\"PropertyValueSpecification\",\"valueRequired\":true,\"valueName\":\"search_term_string\"}}],\"inLanguage\":\"de\"}]}<\/script>\n<!-- \/ Yoast SEO plugin. -->","yoast_head_json":{"title":"Unternehmen f\u00fcr die Vernebelungsbasierte Oberfl\u00e4chendesinfektion VOD","description":"Wenn Sie auf der Suche nach einem Unternehmen f\u00fcr die Desinfektion von Oberfl\u00e4chen aus der Luft sind, ist Devea der Experte f\u00fcr VOD-Ger\u00e4te.","robots":{"index":"index","follow":"follow","max-snippet":"max-snippet:-1","max-image-preview":"max-image-preview:large","max-video-preview":"max-video-preview:-1"},"canonical":"https:\/\/devea-environnement.com\/de\/ueber-uns\/praesentation\/","og_locale":"de_DE","og_type":"article","og_title":"Unternehmen f\u00fcr die Vernebelungsbasierte Oberfl\u00e4chendesinfektion VOD","og_description":"Wenn Sie auf der Suche nach einem Unternehmen f\u00fcr die Desinfektion von Oberfl\u00e4chen aus der Luft sind, ist Devea der Experte f\u00fcr VOD-Ger\u00e4te.","og_url":"https:\/\/devea-environnement.com\/de\/ueber-uns\/praesentation\/","og_site_name":"Devea","article_modified_time":"2026-02-28T10:41:19+00:00","twitter_card":"summary_large_image","twitter_misc":{"Gesch\u00e4tzte Lesezeit":"2\u00a0Minuten"},"schema":{"@context":"https:\/\/schema.org","@graph":[{"@type":"WebPage","@id":"https:\/\/devea-environnement.com\/de\/ueber-uns\/praesentation\/","url":"https:\/\/devea-environnement.com\/de\/ueber-uns\/praesentation\/","name":"Unternehmen f\u00fcr die Vernebelungsbasierte Oberfl\u00e4chendesinfektion VOD","isPartOf":{"@id":"https:\/\/devea-environnement.com\/#website"},"datePublished":"2023-02-24T10:00:37+00:00","dateModified":"2026-02-28T10:41:19+00:00","description":"Wenn Sie auf der Suche nach einem Unternehmen f\u00fcr die Desinfektion von Oberfl\u00e4chen aus der Luft sind, ist Devea der Experte f\u00fcr VOD-Ger\u00e4te.","breadcrumb":{"@id":"https:\/\/devea-environnement.com\/de\/ueber-uns\/praesentation\/#breadcrumb"},"inLanguage":"de","potentialAction":[{"@type":"ReadAction","target":["https:\/\/devea-environnement.com\/de\/ueber-uns\/praesentation\/"]}]},{"@type":"BreadcrumbList","@id":"https:\/\/devea-environnement.com\/de\/ueber-uns\/praesentation\/#breadcrumb","itemListElement":[{"@type":"ListItem","position":1,"name":"Startseite","item":"https:\/\/devea-environnement.com\/de\/"},{"@type":"ListItem","position":2,"name":"Hersteller von DSVA-Ger\u00e4ten, hergestellt in Frankreich","item":"https:\/\/devea-environnement.com\/de\/ueber-uns\/"},{"@type":"ListItem","position":3,"name":"Devea, Experte f\u00fcr VOD"}]},{"@type":"WebSite","@id":"https:\/\/devea-environnement.com\/#website","url":"https:\/\/devea-environnement.com\/","name":"Devea","description":"Votre expert scientifique fran\u00e7ais","potentialAction":[{"@type":"SearchAction","target":{"@type":"EntryPoint","urlTemplate":"https:\/\/devea-environnement.com\/?s={search_term_string}"},"query-input":{"@type":"PropertyValueSpecification","valueRequired":true,"valueName":"search_term_string"}}],"inLanguage":"de"}]}},"_links":{"self":[{"href":"https:\/\/devea-environnement.com\/de\/wp-json\/wp\/v2\/pages\/4706","targetHints":{"allow":["GET"]}}],"collection":[{"href":"https:\/\/devea-environnement.com\/de\/wp-json\/wp\/v2\/pages"}],"about":[{"href":"https:\/\/devea-environnement.com\/de\/wp-json\/wp\/v2\/types\/page"}],"author":[{"embeddable":true,"href":"https:\/\/devea-environnement.com\/de\/wp-json\/wp\/v2\/users\/1"}],"replies":[{"embeddable":true,"href":"https:\/\/devea-environnement.com\/de\/wp-json\/wp\/v2\/comments?post=4706"}],"version-history":[{"count":0,"href":"https:\/\/devea-environnement.com\/de\/wp-json\/wp\/v2\/pages\/4706\/revisions"}],"up":[{"embeddable":true,"href":"https:\/\/devea-environnement.com\/de\/wp-json\/wp\/v2\/pages\/4703"}],"wp:attachment":[{"href":"https:\/\/devea-environnement.com\/de\/wp-json\/wp\/v2\/media?parent=4706"}],"curies":[{"name":"wp","href":"https:\/\/api.w.org\/{rel}","templated":true}]}}